{"id":2977,"date":"2021-09-10T10:37:32","date_gmt":"2021-09-10T08:37:32","guid":{"rendered":"https:\/\/www.amigoscaffe.com\/?page_id=2977"},"modified":"2021-09-13T14:26:33","modified_gmt":"2021-09-13T12:26:33","slug":"datenschutzrichtlinie","status":"publish","type":"page","link":"https:\/\/www.amigoscaffe.com\/de\/datenschutzrichtlinie\/","title":{"rendered":"Datenschutzrichtlinie"},"content":{"rendered":"[vc_row type=&#8220;in_container&#8220; full_screen_row_position=&#8220;middle&#8220; column_margin=&#8220;default&#8220; column_direction=&#8220;default&#8220; column_direction_tablet=&#8220;default&#8220; column_direction_phone=&#8220;default&#8220; scene_position=&#8220;center&#8220; text_color=&#8220;dark&#8220; text_align=&#8220;left&#8220; row_border_radius=&#8220;none&#8220; row_border_radius_applies=&#8220;bg&#8220; overlay_strength=&#8220;0.3&#8243; gradient_direction=&#8220;left_to_right&#8220; shape_divider_position=&#8220;bottom&#8220; bg_image_animation=&#8220;none&#8220;][vc_column column_padding=&#8220;no-extra-padding&#8220; column_padding_tablet=&#8220;inherit&#8220; column_padding_phone=&#8220;inherit&#8220; column_padding_position=&#8220;all&#8220; column_element_spacing=&#8220;default&#8220; background_color_opacity=&#8220;1&#8243; background_hover_color_opacity=&#8220;1&#8243; column_shadow=&#8220;none&#8220; column_border_radius=&#8220;none&#8220; column_link_target=&#8220;_self&#8220; gradient_direction=&#8220;left_to_right&#8220; overlay_strength=&#8220;0.3&#8243; width=&#8220;1\/1&#8243; tablet_width_inherit=&#8220;default&#8220; tablet_text_alignment=&#8220;default&#8220; phone_text_alignment=&#8220;default&#8220; bg_image_animation=&#8220;none&#8220; border_type=&#8220;simple&#8220; column_border_width=&#8220;none&#8220; column_border_style=&#8220;solid&#8220;][vc_column_text]\n<h1 class=\"intro-news__title title title--h1\">Datenschutzrichtlinie<\/h1>\n<p><b>DATENSCHUTZERKL\u00c4RUNG F\u00dcR DIESE WEBSEITE<\/b><\/p>\n<p><b>Datenschutzerkl\u00e4rung gem\u00e4\u00df Verordnung EU 2016\/679 (\u201eDSGVO\u201c)<\/b><\/p>\n<p>&nbsp;<\/p>\n<p>Sehr geehrte\/r Nutzer\/in, hiermit informieren wir Sie \u00fcber die Verarbeitung der personenbezogenen Daten, die beim Surfen auf der von AMIGOS CAFF\u00c8 S.N.C. di Mingardi Severino e Arianna &amp; C. betriebenen Webseite erfolgt. Dies gilt als Datenschutzerkl\u00e4rung im Sinne von Art. 13 der Verordnung EU 2016\/679 (DSGVO) und richtet sich an alle, die mit den Web-Serviceleistungen von AMIGOS CAFF\u00c8 S.N.C. interagieren.<\/p>\n<p>Diese Datenschutzerkl\u00e4rung wird nur f\u00fcr diese Webseite abgegeben und gilt nicht f\u00fcr andere, eventuell \u00fcber Links konsultierte Webseiten.<\/p>\n<p>&nbsp;<\/p>\n<p><b>\u00dcBER UNS: DER \u201eVERANTWORTLICHE\u201c F\u00dcR DIE DATENVERARBEITUNG<\/b><\/p>\n<p>Der \u201eVerantwortliche\u201c f\u00fcr die Datenverarbeitung ist die Gesellschaft\u00a0<b>AMIGOS CAFF\u00c8 S.N.C.<\/b>\u00a0di Mingardi Severino e Arianna &amp; C. mit Sitz in 34015 &#8211; MUGGIA (TS), Strada delle Saline 3 &#8211; Zona Industriale delle Noghere.<\/p>\n<p>Die\u00a0<b>Kontaktdaten<\/b>\u00a0sind folgende: Tel. +39 040 9235052; E-Mail: info@amigoscaffe.com<\/p>\n<p>&nbsp;<\/p>\n<p><b>VERARBEITETE PERSONENBEZOGENE DATEN UND ZWECKE DER VERARBEITUNG<\/b><\/p>\n<p><b>Surfdaten\u00a0 \u00a0<\/b><\/p>\n<p>Die Computersysteme und Softwareprozesse, die f\u00fcr den Betrieb der Webseite erforderlich sind, speichern einige personenbezogene Daten, deren \u00dcbermittlung die Nutzung von Internet-Kommunikationsprotokollen zu Grunde liegt.<\/p>\n<p>Zu dieser Datenkategorie geh\u00f6ren die IP-Adressen oder Domain-Namen der Computer und Endger\u00e4te, die von den Nutzern f\u00fcr die Verbindung zur Website benutzt werden, die URI\/URL (Uniform Resource Identifier\/Locator)-Adressen der angeforderten Ressourcen, die Zeit der Anforderung, die zur \u00dcbermittlung der Anforderung an den Server benutzte Methode, die Gr\u00f6\u00dfe der als Antwort erhaltenen Datei, der den Status der vom Server gegebenen Antwort kennzeichnende numerische Code (erfolgreich, Fehler usw.) und sonstige Parameter, die sich auf das Betriebssystem und die Computer-Konfiguration des Benutzers beziehen.<\/p>\n<p>Diese Daten, die f\u00fcr die Nutzung der Web-Serviceleistungen erforderlich sind, werden auch zu folgenden Zwecken verarbeitet:<\/p>\n<p>&#8211; um statistische Informationen zur Nutzung der Serviceleistungen zu erheben (meistbesuchte Seiten, Besucheranzahl pro Stunde oder Tag, geographische Herkunft usw.);<\/p>\n<p>&#8211; um zu kontrollieren, ob die angebotenen Serviceleistungen korrekt funktionieren.<\/p>\n<p>Surfdaten werden nicht l\u00e4nger als sieben Tage gespeichert und sofort nach ihrer Aggregation gel\u00f6scht (au\u00dfer bei eventuell erforderlichen gerichtsbeh\u00f6rdlichen Pr\u00fcfungen in Verbindung mit Straftaten).<\/p>\n<p><b>Von der Nutzerin\/dem Nutzer mitgeteilte Daten<\/b><\/p>\n<p>Die fakultative, explizite und freiwillige \u00dcbersendung von Nachrichten an die auf der Webseite ver\u00f6ffentlichten Kontaktadressen sowie das Ausf\u00fcllen und \u00dcbersenden der Kontaktformulare auf der Webseite f\u00fchren zur Erhebung der zur Beantwortung erforderlichen Kontaktdaten der\/s Absenderin\/s sowie aller in den Nachrichten enthaltenen personenbezogenen Daten.<\/p>\n<p>Spezifische Informationen hierzu sind auf den zur Erbringung bestimmter Serviceleistungen eingerichteten Seiten der Webseite ver\u00f6ffentlicht, ebenso wie die Bitte um eine eventuelle Zustimmung zur Verarbeitung.<\/p>\n<p>Wir informieren Sie dar\u00fcber, dass der Verantwortliche der Datenverarbeitung die personenbezogenen Daten der NutzerInnen generell zu den folgenden Zwecken nutzt:<\/p>\n<p>1. Ausf\u00fchrung von Bestellungen und Aktivit\u00e4ten in Verbindung mit dem e-commerce Service (einschlie\u00dflich aller auf den Verkauf und den After-Sales-Service gerichteten T\u00e4tigkeiten, wie zum Beispiel Verwaltung, Buchhaltung, Management der Kundenbeziehungen etc.);<\/p>\n<p>2. Verwaltung der Zahlungen, einschlie\u00dflich der Pr\u00fcfung zur Betrugsbek\u00e4mpfung bei Zahlung mit Kreditkarte;<\/p>\n<p>3. Management der Anfragen der Kunden: technische Anfragen, Anfragen verkaufstechnischer Art, Anfragen zum Status von Bestellungen oder Bitte um weitere Informationen (Hinweise, Fragen, Mitteilungen oder Feedbacks seitens der NutzerInnen), auch \u00fcber den telefonisch betriebenen Kundenservice;<\/p>\n<p>4. \u00dcbersendung eines regelm\u00e4\u00dfigen Newsletters mit Informationen, Kaufangeboten und\/oder Werbung in Verbindung mit den angebotenen Serviceleistungen, vorbehaltlich Ihrer Zustimmung;<\/p>\n<p>5. Management der Teilnahme an Sonderaktionen und anderen \u00fcber die Webseite organisierten Initiativen;<\/p>\n<p>6. Erf\u00fcllung von Verpflichtungen gem\u00e4\u00df Gesetzgebung, Verordnungen oder EU-Richtlinien (einschlie\u00dflich der Verordnung zur Geldw\u00e4schepr\u00e4vention) und zur Geltendmachung von Rechten vor Gerichtsbeh\u00f6rden.<\/p>\n<p>&nbsp;<\/p>\n<p>Ihre personenbezogenen Daten k\u00f6nnen auch zur \u00dcbersendung von Werbematerialien oder Direktmarketing oder anderen Verkaufsinformationen genutzt werden, was auch per E-Mail m\u00f6glich ist: Betrifft die Werbung Produkte, die den von Ihnen bereits gekauften Produkten entsprechen, k\u00f6nnen Sie diese auch ohne Ihre ausdr\u00fcckliche Zustimmung an Ihre Mailadresse gesandt bekommen (sog. Soft Spam), sofern Sie diese Nutzung nicht bei der Mitteilung Ihrer Mailadresse oder zu einem sp\u00e4teren Zeitpunkt abgelehnt haben. Zur \u00dcbersendung von Werbe-Mails zu Produkten oder Serviceleistungen, die von den von Ihnen bereits gekauften abweichen, ist Ihre ausdr\u00fcckliche Zustimmung dagegen erforderlich.<\/p>\n<p>&nbsp;<\/p>\n<p><b>\u00dcber die Sozialen Netzwerke erhobene Daten<\/b><\/p>\n<p>Wenn ein\/e Nutzer\/in sich \u00fcber Social Login mit einem Kanal des Unternehmens in Sozialen Netzwerken verbindet (d.h. \u00fcber den Account eines Sozialen Netzwerks, bei dem sie\/er angemeldet ist), k\u00f6nnen vom Unternehmen die Daten erhoben werden, die in diesem Sozialen Netzwerk ver\u00f6ffentlicht sind, auch auf der Basis der von der\/vom Nutzer\/in vorgenommenen Datenschutzeinstellungen (z.B. Informationen, die in Nachrichten\/Posts in Verbindung mit der Antwort auf die Bitte um Informationen oder Hilfestellung\u00a0 enthalten sind, oder Bilder, d.h. Informationen aus dem ver\u00f6ffentlichten Profil). Genaue Informationen zur Verarbeitung der Daten durch die Sozialen Netzwerke werden von diesen zur Verf\u00fcgung gestellt (z.B. https:\/\/www.facebook.com\/privacy\/explanation).<\/p>\n<p>&nbsp;<\/p>\n<p><b>SOZIALE NETZWERKE<\/b><\/p>\n<p>Diese Seite kann sog. Social Plug-ins verwenden. Social Plug-ins sind spezielle Tools, die es erm\u00f6glichen, die Funktionen des Sozialen Netzwerks direkt in die Webseite aufzunehmen (z.B. die Funktion \u201eGef\u00e4llt mir\u201c von Facebook).<\/p>\n<p>Alle auf der Webseite enthaltenen Social Plug-ins sind mit dem Logo des betreffenden Sozialen Netzwerks (z.B. Facebook, Google, Twitter, Linkedin) gekennzeichnet.<br \/>\nWenn eine Seite unserer Webseite besucht wird und eine Interaktion \u00fcber das Plug-in stattfindet (z.B. durch Anklicken von \u201eGef\u00e4llt mir\u201c) oder ein Kommentar abgegeben wird, werden die zugeh\u00f6rigen Informationen vom Browser direkt an das Portal des Sozialen Netzwerks gesandt und von diesem gespeichert. Wegen Informationen zu den Zielen, zum Typ und zu den Modalit\u00e4ten der Erhebung, Verarbeitung, Nutzung und Speicherung der personenbezogenen Daten seitens des Sozialen Netzwerks sowie wegen der Modalit\u00e4ten, nach denen Sie Ihre Rechte aus\u00fcben k\u00f6nnen, konsultieren Sie bitte die Datenschutzerkl\u00e4rung des betreffenden Sozialen Netzwerks.<\/p>\n<p><b>Facebook:<\/b>\u00a0Datenschutzerkl\u00e4rung:\u00a0<a href=\"https:\/\/www.facebook.com\/policies\/cookies\/\">https:\/\/www.facebook.com\/policies\/cookies\/<\/a><\/p>\n<p><b>Twitter:<\/b>\u00a0Datenschutzerkl\u00e4rung:\u00a0<a href=\"https:\/\/support.twitter.com\/articles\/20170514\">https:\/\/support.twitter.com\/articles\/20170514<\/a><\/p>\n<p><b>LinkedIn:<\/b>\u00a0Datenschutzerkl\u00e4rung:\u00a0<a href=\"https:\/\/www.linkedin.com\/legal\/cookie-policy\">https:\/\/www.linkedin.com\/legal\/cookie-policy<\/a><\/p>\n<p>&nbsp;<\/p>\n<p><b>COOKIES<\/b><\/p>\n<p>Siehe Erkl\u00e4rung zur Verwendung von Cookies.<\/p>\n<p>&nbsp;<\/p>\n<p><b>RECHTLICHSGRUNDLAGE DER VERARBEITUNG<\/b><\/p>\n<p>Das Unternehmen kann die vorstehend genannten personenbezogenen Daten \u2013 sofern kein Ausf\u00fcllen spezifischer Formulare erforderlich ist \u2013 auch ohne ausdr\u00fcckliche Zustimmung verwenden, da die rechtliche Grundlage der Verarbeitung aus der Ausf\u00fchrung der vorvertraglichen Ma\u00dfnahmen, die auf Anfrage der betreffenden Person (z.B. Anforderung von Informationen per E-Mail) sowie aus der Verfolgung rechtm\u00e4\u00dfiger Interessen des Unternehmens in Verbindung mit der Erreichung und Umsetzung seiner satzungsgem\u00e4\u00dfen Gesch\u00e4ftsziele resultiert.<\/p>\n<p>Abgesehen von den in Bezug auf Surfdaten gemachten Angaben steht es der\/m Nutzer\/in frei, ihre\/seine personenbezogenen Daten zur Verf\u00fcgung zu stellen; die Nichtzurverf\u00fcgungstellung k\u00f6nnte jedoch dazu f\u00fchren, dass das Gew\u00fcnschte nicht geliefert werden bzw. das Unternehmen der Anfrage nicht nachkommen kann.<\/p>\n<p>&nbsp;<\/p>\n<p><b>MODALIT\u00c4TEN DER VERARBEITUNG<\/b><\/p>\n<p>Die Daten sind in einer elektronischen Datenbank gespeichert und\/oder werden in Archiven auf Papier aufbewahrt.<\/p>\n<p>Die Daten unterliegen keiner automatischen Entscheidung oder einem Profiling irgendeiner Art.<\/p>\n<p>&nbsp;<\/p>\n<p><b>EMPF\u00c4NGER DER DATEN<\/b><\/p>\n<p>Die personenbezogenen Daten k\u00f6nnen den MitarbeiterInnen und Angestellten des Unternehmens als zur Verarbeitung autorisierten und entsprechend instruierten Personen zur Kenntnis gelangen.<\/p>\n<p>Die Daten k\u00f6nnen externen Personen\/Firmen (z.B. Firmen, die mit dem Management von Internetseiten beauftragt sind, verbundenen Unternehmen, externen Beratern, Sublieferanten usw.) mitgeteilt werden. Dieselben Firmen\/Personen treten dann als selbst\u00e4ndige Verantwortliche f\u00fcr die Datenverarbeitung auf oder werden zu Auftragsverarbeitern ernannt.<\/p>\n<p>&nbsp;<\/p>\n<p><b>AUFBEWAHRUNGSDAUER DER DATEN<\/b><\/p>\n<p>Das Unternehmen bewahrt die Daten f\u00fcr den Zeitraum auf, der zur Erreichung der vorstehend genannten Ziele und zur Erf\u00fcllung eventueller Notwendigkeiten in Verbindung mit dem Zugang zu den Daten oder der Wiederherstellung der Daten unbedingt erforderlich ist. Die zur Ausf\u00fchrung jeglicher vertraglicher Verpflichtung verarbeiteten Daten k\u00f6nnen f\u00fcr die gesamte Vertragsdauer sowie f\u00fcr die darauffolgenden 10 Jahre aufbewahrt werden, um eventuelle Anh\u00e4ngigkeiten zu pr\u00fcfen oder gesetzliche Bestimmungen zu erf\u00fcllen (z.B. Buchhaltungsunterlagen). Nach Ablauf von 24 Monaten ab der Erhebung (7 Tage bei Surfdaten) werden die zu anderen Zwecken erhobenen Daten gel\u00f6scht, sofern kein weiterer Bedarf der Kontaktierung oder Verpflichtungen zur Speicherung bestehen.<\/p>\n<p>&nbsp;<\/p>\n<p><b>RECHTE DER BETREFFENDEN PERSON<\/b><\/p>\n<p>Sie k\u00f6nnen unter anderem die folgenden Rechte geltend machen:<\/p>\n<ul>\n<li>Zugang zu Ihren personenbezogenen Daten und zu den damit verbundenen Informationen verlangen; die Korrektur unrichtiger oder Erg\u00e4nzung unvollst\u00e4ndiger Daten verlangen; die L\u00f6schung von personenbezogenen Daten verlangen (bei Vorliegen von einer der Bedingungen, die in Art. 17 Abs. 1 DSGVO angegeben sind, und unter Beachtung der von Abs. 3 desselben Artikels vorgesehenen Ausnahmen); die Einschr\u00e4nkung der Verarbeitung der personenbezogenen Daten (bei Vorliegen von einem der in Art. 18, Abs. 1 DSGVO genannten F\u00e4lle) verlangen;<\/li>\n<li>die Zurverf\u00fcgungstellung der personenbezogenen Daten \u2013 in den F\u00e4llen, in denen die Rechtsgrundlage der Verarbeitung der Vertrag oder die Zustimmung ist und diese mit automatisierten Hilfsmitteln stattgefunden hat \u2013 in einem strukturierten und von elektronischen Ger\u00e4ten lesbaren Format verlangen und erhalten, auch mit dem Ziel, diese Daten einem weiteren Verantwortlichen f\u00fcr die Verarbeitung mitzuteilen (sog. Recht auf Daten\u00fcbertragbarkeit);<\/li>\n<li>jederzeit die Verarbeitung der personenbezogenen Daten verweigern, sofern Sie betreffende besondere Situationen eintreten;<\/li>\n<li>die Zustimmung jederzeit zur\u00fcckziehen, jedoch nur in den F\u00e4llen, in denen die Verarbeitung auf der Zustimmung zu einem oder mehreren spezifischen Zwecken beruht und die allgemeinen personenbezogenen Daten (z.B. Geburts- oder Wohnort) oder bestimmte Kategorien von Daten (z.B. Daten zum Gesundheitszustand oder Sexualleben) betrifft \u2013 die auf der Zustimmung basierende und vor deren R\u00fccknahme gegebene Verarbeitung beh\u00e4lt jedoch ihre Rechtm\u00e4\u00dfigkeit.<\/li>\n<\/ul>\n<p>In Bezug auf die oben angegebenen Zwecke hat die betreffende Person das Recht, durch ein Schreiben an die oben genannten Kontakte jederzeit den Abbruch der Verarbeitung und der \u00dcbersendung von Mailmitteilungen seitens des Unternehmens zu verlangen.<\/p>\n<p>&nbsp;<\/p>\n<p><b>RECHT AUF BESCHWERDE<\/b><\/p>\n<p>Sollte die betreffende Person der Meinung sein, dass ein Versto\u00df bei der Verarbeitung ihrer personenbezogenen Daten vorliegt, kann sie bei der Kontrollbeh\u00f6rde des Ortes, in dem sie ihren regul\u00e4ren Wohnsitz hat, wo sie arbeitet oder wo der mutma\u00dfliche Versto\u00df stattgefunden hat, Beschwerde einlegen. In Italien kann eine solche Beschwerde bei der Datenschutzbeh\u00f6rde \u201eAutorit\u00e0 Garante per la Protezione dei Dati\u201c eingelegt werden.[\/vc_column_text][\/vc_column][\/vc_row]\n","protected":false},"excerpt":{"rendered":"<p>[vc_row type=&#8220;in_container&#8220; full_screen_row_position=&#8220;middle&#8220; column_margin=&#8220;default&#8220; column_direction=&#8220;default&#8220; column_direction_tablet=&#8220;default&#8220; column_direction_phone=&#8220;default&#8220; scene_position=&#8220;center&#8220; text_color=&#8220;dark&#8220; text_align=&#8220;left&#8220; row_border_radius=&#8220;none&#8220; row_border_radius_applies=&#8220;bg&#8220; overlay_strength=&#8220;0.3&#8243; gradient_direction=&#8220;left_to_right&#8220; shape_divider_position=&#8220;bottom&#8220; bg_image_animation=&#8220;none&#8220;][vc_column column_padding=&#8220;no-extra-padding&#8220; column_padding_tablet=&#8220;inherit&#8220; column_padding_phone=&#8220;inherit&#8220; column_padding_position=&#8220;all&#8220; column_element_spacing=&#8220;default&#8220; background_color_opacity=&#8220;1&#8243; background_hover_color_opacity=&#8220;1&#8243; column_shadow=&#8220;none&#8220; column_border_radius=&#8220;none&#8220; column_link_target=&#8220;_self&#8220; gradient_direction=&#8220;left_to_right&#8220; overlay_strength=&#8220;0.3&#8243; width=&#8220;1\/1&#8243; tablet_width_inherit=&#8220;default&#8220; tablet_text_alignment=&#8220;default&#8220; phone_text_alignment=&#8220;default&#8220; bg_image_animation=&#8220;none&#8220; border_type=&#8220;simple&#8220; column_border_width=&#8220;none&#8220; column_border_style=&#8220;solid&#8220;][vc_column_text] Datenschutzrichtlinie DATENSCHUTZERKL\u00c4RUNG F\u00dcR DIESE WEBSEITE Datenschutzerkl\u00e4rung gem\u00e4\u00df Verordnung EU 2016\/679 (\u201eDSGVO\u201c) &nbsp; Sehr geehrte\/r Nutzer\/in, hiermit informieren wir Sie \u00fcber die Verarbeitung der personenbezogenen Daten, die beim Surfen auf der von AMIGOS CAFF\u00c8 S.N.C. di Mingardi Severino e Arianna &amp; C. betriebenen Webseite erfolgt. Dies gilt als Datenschutzerkl\u00e4rung im Sinne von Art. 13 der Verordnung EU 2016\/679 (DSGVO) und richtet sich an alle, die&#8230;<\/p>\n","protected":false},"author":2,"featured_media":0,"parent":0,"menu_order":0,"comment_status":"closed","ping_status":"closed","template":"","meta":{"footnotes":""},"class_list":["post-2977","page","type-page","status-publish"],"yoast_head":"<!-- This site is optimized with the Yoast SEO plugin v25.3.1 - https:\/\/yoast.com\/wordpress\/plugins\/seo\/ -->\n<title>Datenschutzrichtlinie - Amigos<\/title>\n<meta name=\"robots\" content=\"index, follow, max-snippet:-1, max-image-preview:large, max-video-preview:-1\" \/>\n<link rel=\"canonical\" href=\"https:\/\/www.amigoscaffe.com\/de\/datenschutzrichtlinie\/\" \/>\n<meta property=\"og:locale\" content=\"de_DE\" \/>\n<meta property=\"og:type\" content=\"article\" \/>\n<meta property=\"og:title\" content=\"Datenschutzrichtlinie - Amigos\" \/>\n<meta property=\"og:description\" content=\"[vc_row type=&#8220;in_container&#8220; full_screen_row_position=&#8220;middle&#8220; column_margin=&#8220;default&#8220; column_direction=&#8220;default&#8220; column_direction_tablet=&#8220;default&#8220; column_direction_phone=&#8220;default&#8220; scene_position=&#8220;center&#8220; text_color=&#8220;dark&#8220; text_align=&#8220;left&#8220; row_border_radius=&#8220;none&#8220; row_border_radius_applies=&#8220;bg&#8220; overlay_strength=&#8220;0.3&#8243; gradient_direction=&#8220;left_to_right&#8220; shape_divider_position=&#8220;bottom&#8220; bg_image_animation=&#8220;none&#8220;][vc_column column_padding=&#8220;no-extra-padding&#8220; column_padding_tablet=&#8220;inherit&#8220; column_padding_phone=&#8220;inherit&#8220; column_padding_position=&#8220;all&#8220; column_element_spacing=&#8220;default&#8220; background_color_opacity=&#8220;1&#8243; background_hover_color_opacity=&#8220;1&#8243; column_shadow=&#8220;none&#8220; column_border_radius=&#8220;none&#8220; column_link_target=&#8220;_self&#8220; gradient_direction=&#8220;left_to_right&#8220; overlay_strength=&#8220;0.3&#8243; width=&#8220;1\/1&#8243; tablet_width_inherit=&#8220;default&#8220; tablet_text_alignment=&#8220;default&#8220; phone_text_alignment=&#8220;default&#8220; bg_image_animation=&#8220;none&#8220; border_type=&#8220;simple&#8220; column_border_width=&#8220;none&#8220; column_border_style=&#8220;solid&#8220;][vc_column_text] Datenschutzrichtlinie DATENSCHUTZERKL\u00c4RUNG F\u00dcR DIESE WEBSEITE Datenschutzerkl\u00e4rung gem\u00e4\u00df Verordnung EU 2016\/679 (\u201eDSGVO\u201c) &nbsp; Sehr geehrte\/r Nutzer\/in, hiermit informieren wir Sie \u00fcber die Verarbeitung der personenbezogenen Daten, die beim Surfen auf der von AMIGOS CAFF\u00c8 S.N.C. di Mingardi Severino e Arianna &amp; C. betriebenen Webseite erfolgt. Dies gilt als Datenschutzerkl\u00e4rung im Sinne von Art. 13 der Verordnung EU 2016\/679 (DSGVO) und richtet sich an alle, die...\" \/>\n<meta property=\"og:url\" content=\"https:\/\/www.amigoscaffe.com\/de\/datenschutzrichtlinie\/\" \/>\n<meta property=\"og:site_name\" content=\"Amigos\" \/>\n<meta property=\"article:modified_time\" content=\"2021-09-13T12:26:33+00:00\" \/>\n<meta name=\"twitter:card\" content=\"summary_large_image\" \/>\n<meta name=\"twitter:label1\" content=\"Gesch\u00e4tzte Lesezeit\" \/>\n\t<meta name=\"twitter:data1\" content=\"7\u00a0Minuten\" \/>\n<script type=\"application\/ld+json\" class=\"yoast-schema-graph\">{\"@context\":\"https:\/\/schema.org\",\"@graph\":[{\"@type\":\"WebPage\",\"@id\":\"https:\/\/www.amigoscaffe.com\/de\/datenschutzrichtlinie\/\",\"url\":\"https:\/\/www.amigoscaffe.com\/de\/datenschutzrichtlinie\/\",\"name\":\"Datenschutzrichtlinie - Amigos\",\"isPartOf\":{\"@id\":\"https:\/\/www.amigoscaffe.com\/de\/#website\"},\"datePublished\":\"2021-09-10T08:37:32+00:00\",\"dateModified\":\"2021-09-13T12:26:33+00:00\",\"breadcrumb\":{\"@id\":\"https:\/\/www.amigoscaffe.com\/de\/datenschutzrichtlinie\/#breadcrumb\"},\"inLanguage\":\"de\",\"potentialAction\":[{\"@type\":\"ReadAction\",\"target\":[\"https:\/\/www.amigoscaffe.com\/de\/datenschutzrichtlinie\/\"]}]},{\"@type\":\"BreadcrumbList\",\"@id\":\"https:\/\/www.amigoscaffe.com\/de\/datenschutzrichtlinie\/#breadcrumb\",\"itemListElement\":[{\"@type\":\"ListItem\",\"position\":1,\"name\":\"Home\",\"item\":\"https:\/\/www.amigoscaffe.com\/de\/\"},{\"@type\":\"ListItem\",\"position\":2,\"name\":\"Datenschutzrichtlinie\"}]},{\"@type\":\"WebSite\",\"@id\":\"https:\/\/www.amigoscaffe.com\/de\/#website\",\"url\":\"https:\/\/www.amigoscaffe.com\/de\/\",\"name\":\"Amigos\",\"description\":\"La famiglia del caff\u00e8\",\"potentialAction\":[{\"@type\":\"SearchAction\",\"target\":{\"@type\":\"EntryPoint\",\"urlTemplate\":\"https:\/\/www.amigoscaffe.com\/de\/?s={search_term_string}\"},\"query-input\":{\"@type\":\"PropertyValueSpecification\",\"valueRequired\":true,\"valueName\":\"search_term_string\"}}],\"inLanguage\":\"de\"}]}<\/script>\n<!-- \/ Yoast SEO plugin. -->","yoast_head_json":{"title":"Datenschutzrichtlinie - Amigos","robots":{"index":"index","follow":"follow","max-snippet":"max-snippet:-1","max-image-preview":"max-image-preview:large","max-video-preview":"max-video-preview:-1"},"canonical":"https:\/\/www.amigoscaffe.com\/de\/datenschutzrichtlinie\/","og_locale":"de_DE","og_type":"article","og_title":"Datenschutzrichtlinie - Amigos","og_description":"[vc_row type=&#8220;in_container&#8220; full_screen_row_position=&#8220;middle&#8220; column_margin=&#8220;default&#8220; column_direction=&#8220;default&#8220; column_direction_tablet=&#8220;default&#8220; column_direction_phone=&#8220;default&#8220; scene_position=&#8220;center&#8220; text_color=&#8220;dark&#8220; text_align=&#8220;left&#8220; row_border_radius=&#8220;none&#8220; row_border_radius_applies=&#8220;bg&#8220; overlay_strength=&#8220;0.3&#8243; gradient_direction=&#8220;left_to_right&#8220; shape_divider_position=&#8220;bottom&#8220; bg_image_animation=&#8220;none&#8220;][vc_column column_padding=&#8220;no-extra-padding&#8220; column_padding_tablet=&#8220;inherit&#8220; column_padding_phone=&#8220;inherit&#8220; column_padding_position=&#8220;all&#8220; column_element_spacing=&#8220;default&#8220; background_color_opacity=&#8220;1&#8243; background_hover_color_opacity=&#8220;1&#8243; column_shadow=&#8220;none&#8220; column_border_radius=&#8220;none&#8220; column_link_target=&#8220;_self&#8220; gradient_direction=&#8220;left_to_right&#8220; overlay_strength=&#8220;0.3&#8243; width=&#8220;1\/1&#8243; tablet_width_inherit=&#8220;default&#8220; tablet_text_alignment=&#8220;default&#8220; phone_text_alignment=&#8220;default&#8220; bg_image_animation=&#8220;none&#8220; border_type=&#8220;simple&#8220; column_border_width=&#8220;none&#8220; column_border_style=&#8220;solid&#8220;][vc_column_text] Datenschutzrichtlinie DATENSCHUTZERKL\u00c4RUNG F\u00dcR DIESE WEBSEITE Datenschutzerkl\u00e4rung gem\u00e4\u00df Verordnung EU 2016\/679 (\u201eDSGVO\u201c) &nbsp; Sehr geehrte\/r Nutzer\/in, hiermit informieren wir Sie \u00fcber die Verarbeitung der personenbezogenen Daten, die beim Surfen auf der von AMIGOS CAFF\u00c8 S.N.C. di Mingardi Severino e Arianna &amp; C. betriebenen Webseite erfolgt. Dies gilt als Datenschutzerkl\u00e4rung im Sinne von Art. 13 der Verordnung EU 2016\/679 (DSGVO) und richtet sich an alle, die...","og_url":"https:\/\/www.amigoscaffe.com\/de\/datenschutzrichtlinie\/","og_site_name":"Amigos","article_modified_time":"2021-09-13T12:26:33+00:00","twitter_card":"summary_large_image","twitter_misc":{"Gesch\u00e4tzte Lesezeit":"7\u00a0Minuten"},"schema":{"@context":"https:\/\/schema.org","@graph":[{"@type":"WebPage","@id":"https:\/\/www.amigoscaffe.com\/de\/datenschutzrichtlinie\/","url":"https:\/\/www.amigoscaffe.com\/de\/datenschutzrichtlinie\/","name":"Datenschutzrichtlinie - Amigos","isPartOf":{"@id":"https:\/\/www.amigoscaffe.com\/de\/#website"},"datePublished":"2021-09-10T08:37:32+00:00","dateModified":"2021-09-13T12:26:33+00:00","breadcrumb":{"@id":"https:\/\/www.amigoscaffe.com\/de\/datenschutzrichtlinie\/#breadcrumb"},"inLanguage":"de","potentialAction":[{"@type":"ReadAction","target":["https:\/\/www.amigoscaffe.com\/de\/datenschutzrichtlinie\/"]}]},{"@type":"BreadcrumbList","@id":"https:\/\/www.amigoscaffe.com\/de\/datenschutzrichtlinie\/#breadcrumb","itemListElement":[{"@type":"ListItem","position":1,"name":"Home","item":"https:\/\/www.amigoscaffe.com\/de\/"},{"@type":"ListItem","position":2,"name":"Datenschutzrichtlinie"}]},{"@type":"WebSite","@id":"https:\/\/www.amigoscaffe.com\/de\/#website","url":"https:\/\/www.amigoscaffe.com\/de\/","name":"Amigos","description":"La famiglia del caff\u00e8","potentialAction":[{"@type":"SearchAction","target":{"@type":"EntryPoint","urlTemplate":"https:\/\/www.amigoscaffe.com\/de\/?s={search_term_string}"},"query-input":{"@type":"PropertyValueSpecification","valueRequired":true,"valueName":"search_term_string"}}],"inLanguage":"de"}]}},"_links":{"self":[{"href":"https:\/\/www.amigoscaffe.com\/de\/wp-json\/wp\/v2\/pages\/2977","targetHints":{"allow":["GET"]}}],"collection":[{"href":"https:\/\/www.amigoscaffe.com\/de\/wp-json\/wp\/v2\/pages"}],"about":[{"href":"https:\/\/www.amigoscaffe.com\/de\/wp-json\/wp\/v2\/types\/page"}],"author":[{"embeddable":true,"href":"https:\/\/www.amigoscaffe.com\/de\/wp-json\/wp\/v2\/users\/2"}],"replies":[{"embeddable":true,"href":"https:\/\/www.amigoscaffe.com\/de\/wp-json\/wp\/v2\/comments?post=2977"}],"version-history":[{"count":3,"href":"https:\/\/www.amigoscaffe.com\/de\/wp-json\/wp\/v2\/pages\/2977\/revisions"}],"predecessor-version":[{"id":2981,"href":"https:\/\/www.amigoscaffe.com\/de\/wp-json\/wp\/v2\/pages\/2977\/revisions\/2981"}],"wp:attachment":[{"href":"https:\/\/www.amigoscaffe.com\/de\/wp-json\/wp\/v2\/media?parent=2977"}],"curies":[{"name":"wp","href":"https:\/\/api.w.org\/{rel}","templated":true}]}}