{"id":3679,"date":"2021-09-13T20:28:01","date_gmt":"2021-09-13T18:28:01","guid":{"rendered":"https:\/\/www.amigoscaffe.com\/?page_id=3679"},"modified":"2021-09-13T20:28:01","modified_gmt":"2021-09-13T18:28:01","slug":"politica-de-privacidad","status":"publish","type":"page","link":"https:\/\/www.amigoscaffe.com\/es\/politica-de-privacidad\/","title":{"rendered":"Pol\u00edtica de privacidad"},"content":{"rendered":"<h1>Pol\u00edtica de privacidad<\/h1>\n<p><b>POL\u00cdTICA DE PRIVACIDAD DE ESTE SITIO\u00a0<\/b><\/p>\n<p><b>Nota informativa de acuerdo con el Reglamento de la UE 2016\/679 (\u00abRGPD\u00bb)<\/b><\/p>\n<p>&nbsp;<\/p>\n<p>Estimado usuario, en esta p\u00e1gina te informamos sobre el tratamiento de los datos de car\u00e1cter personal que se lleva a cabo durante la navegaci\u00f3n por el sitio web gestionado por AMIGOS CAFF\u00c8 S.N.C. di Mingardi Severino e Arianna &amp; C., que es una nota informativa proporcionada de conformidad con el art. 13 del Reglamento de la UE 2016\/679 (RGPD) para quienes utilizan los servicios web de AMIGOS CAFF\u00c8 S.N.C..<\/p>\n<p>Esta nota informativa se proporciona solo para este sitio web y no para otros sitios web eventualmente consultados mediante enlaces.<\/p>\n<p>&nbsp;<\/p>\n<p><b>QUI\u00c9NES SOMOS: EL \u00abTITULAR DEL TRATAMIENTO\u00bb<\/b><\/p>\n<p>El \u00abtitular\u00bb del tratamiento es la empresa\u00a0<b>AMIGOS CAFF\u00c8 S.N.C.<\/b>\u00a0di Mingardi Severino e Arianna &amp; C., con sede en 34015 &#8211; MUGGIA (TS), Strada delle Saline n.\u00ba 3 &#8211; Zona Industriale delle Noghere.<\/p>\n<p>Los\u00a0<b>datos de contacto<\/b>\u00a0son los siguientes: Tel. +39 040 9235052; Email: info@amigoscaffe.com<\/p>\n<p>&nbsp;<\/p>\n<p><b>DATOS PERSONALES TRATADOS Y FINALIDADES DEL TRATAMIENTO<\/b><\/p>\n<p><b>Datos de navegaci\u00f3n\u00a0 \u00a0<\/b><\/p>\n<p>Los sistemas inform\u00e1ticos y los procedimientos software utilizados para el funcionamiento de este sitio adquieren algunos datos personales cuya transmisi\u00f3n est\u00e1 impl\u00edcita en el uso de los protocolos de comunicaci\u00f3n de Internet.<\/p>\n<p>En esta categor\u00eda de datos se incluyen las direcciones IP o los nombres de dominio de los ordenadores y de los terminales utilizados por los usuarios, las direcciones en notaci\u00f3n URI\/URL (Uniform Resource Identifier\/Locator) de los recursos solicitados, el horario de la solicitud, el m\u00e9todo utilizado al someter la solicitud al server, el tama\u00f1o del archivo obtenido como respuesta, el c\u00f3digo num\u00e9rico que indica el estado de la respuesta que ha dado el server (\u00e9xito, error, etc.) y otros par\u00e1metros referentes al sistema operativo y al ambiente inform\u00e1tico del usuario.<\/p>\n<p>Estos datos, necesarios para disfrutar de los servicios web, se procesan tambi\u00e9n con las siguientes finalidades:<\/p>\n<p>-Obtener informaciones estad\u00edsticas sobre el uso de los servicios (p\u00e1ginas m\u00e1s visitadas, n\u00famero de visitantes por franja horaria o diaria, \u00e1reas geogr\u00e1ficas de procedencia, etc.).<\/p>\n<p>-Controlar el funcionamiento correcto de los servicios ofrecidos.<\/p>\n<p>Los datos de navegaci\u00f3n no persisten durante m\u00e1s de siete d\u00edas y se borran inmediatamente despu\u00e9s de su incorporaci\u00f3n (sin perjuicio de cualquier necesidad de investigaci\u00f3n de delitos por parte de las autoridades judiciales).<\/p>\n<p><b>Datos comunicados por el usuario<\/b><\/p>\n<p>Enviar de forma opcional, expl\u00edcita y voluntaria mensajes a las direcciones de contacto publicadas en el sitio web, as\u00ed como rellenar y enviar los formularios presentes en el sitio web, comporta la adquisici\u00f3n de los datos de contacto del remitente, que son necesarios para responder, as\u00ed como todos los datos personales incluidos en las comunicaciones.<\/p>\n<p>En las p\u00e1ginas del sitio web se han publicado notas informativas espec\u00edficas para el suministro de servicios determinados, con la solicitud de un eventual consentimiento al tratamiento.<\/p>\n<p>Te informamos que, en general, el Titular del tratamiento procesa los datos personales de los usuarios para las siguientes finalidades:<\/p>\n<p>1.Despacho de los pedidos y actividades relacionadas con el servicio de comercio electr\u00f3nico (incluidas todas las actividades funcionales para la venta y los servicios de venta y posventa, como por ejemplo actividades administrativas, contables, gesti\u00f3n de la relaci\u00f3n con los clientes, etc.).<\/p>\n<p>2.Gesti\u00f3n de los pagos, incluido el control del fraude en caso de pago mediante tarjeta de cr\u00e9dito.<\/p>\n<p>3.Gesti\u00f3n de las solicitudes del usuario: solicitudes t\u00e9cnicas, de car\u00e1cter comercial, sobre el progreso de los pedidos y solicitudes de informaciones en t\u00e9rminos generales (informaciones, preguntas, comunicaciones u opiniones por parte de los usuarios) incluso mediante el servicio de clientes gestionado telef\u00f3nicamente.<\/p>\n<p>4.Env\u00edo de un bolet\u00edn de noticias peri\u00f3dico con contenido informativo, promocional y\/o publicitario en relaci\u00f3n con los servicios ofrecidos, previo consentimiento.<\/p>\n<p>5.Gesti\u00f3n de la participaci\u00f3n a promociones y otras iniciativas organizadas mediante el sitio.<\/p>\n<p>6.Cumplimiento de obligaciones legales, reglamento y normativa comunitaria (incluida la normativa en materia de antireciclaje) y para el ejercicio de derechos en sede judicial.<\/p>\n<p>&nbsp;<\/p>\n<p>Tus datos personales se pueden procesar tambi\u00e9n para el env\u00edo de material publicitario y de marketing directo o de otras comunicaciones comerciales, incluso por correo electr\u00f3nico. Si la publicidad se refiere a productos an\u00e1logos a los que ya se han comprado, podr\u00e1s recibirla a tu direcci\u00f3n de correo electr\u00f3nico incluso sin tu consentimiento expl\u00edcito (el llamado Soft Spam), a menos que hayas rechazado ese uso al comunicarnos tu direcci\u00f3n de correo electr\u00f3nico o en un momento sucesivo. Mientras ser\u00e1 necesario tu consentimiento para que sea legal la recepci\u00f3n de correos electr\u00f3nicos publicitarios referentes a productos y servicios distintos de los que ya has comprado.<\/p>\n<p>&nbsp;<\/p>\n<p><b>Datos adquiridos mediante redes sociales<\/b><\/p>\n<p>Si el usuario de conecta a una p\u00e1gina de la empresa accediendo mediante un social login (es decir, la cuenta de una red social en la que est\u00e9 registrado) la empresa podr\u00e1 adquirir los datos que se publiquen en dicha red social, siempre seg\u00fan la configuraci\u00f3n de privacidad aplicada por el usuario (por ejemplo, informaciones del mensaje\/publicaci\u00f3n para responder a las solicitudes de informaciones o asistencia, im\u00e1genes, o bien informaciones obtenidas desde el perfil publicado). En dichas redes sociales se encuentran disponibles notas informativas espec\u00edficas sobre el tratamiento de los datos que llevan a cabo desde las plataformas (por ejemplo, https:\/\/www.facebook.com\/privacy\/explanation).<\/p>\n<p>&nbsp;<\/p>\n<p><b>REDES SOCIALES<\/b><\/p>\n<p>Este sitio puede utilizar los llamados social plug-in. Los social plug-in son instrumentos especiales que permiten incorporar las funcionalidades de la red social directamente dentro del sitio web (por ejemplo, la funci\u00f3n \u00abme gusta\u00bb de Facebook).<\/p>\n<p>Todos los social plug-in presentes en el sitio est\u00e1n marcados con el correspondiente logo de propiedad de la plataforma de la red social (por ejemplo, Facebook, Google, Twitter, Linkedin).<br \/>\nCuando se visita una p\u00e1gina de nuestro sitio y se interacciona con el plug-in (por ejemplo, haciendo clic en el bot\u00f3n \u00abMe gusta\u00bb) o se decide dejar un comentario, las correspondientes informaciones se transmiten desde el navegador directamente a la plataforma de la red social que las memoriza. Para obtener m\u00e1s informaciones sobre las finalidades, la categor\u00eda y las modalidades de recopilaci\u00f3n, elaboraci\u00f3n, uso y conservaci\u00f3n de los datos personales por parte de la plataforma de la red social, as\u00ed como para las modalidades a trav\u00e9s de las cuales ejercer los propios derechos, rogamos consultar la pol\u00edtica de privacidad que adopta cada una de dichas redes sociales.<\/p>\n<p><b>Facebook:<\/b>\u00a0Nota informativa:\u00a0<a href=\"https:\/\/www.facebook.com\/policies\/cookies\/\">https:\/\/www.facebook.com\/policies\/cookies\/<\/a><\/p>\n<p><b>Twitter:<\/b>\u00a0Nota informativa:\u00a0<a href=\"https:\/\/support.twitter.com\/articles\/20170514\">https:\/\/support.twitter.com\/articles\/20170514<\/a><\/p>\n<p><b>LinkedIn:<\/b>\u00a0Nota informativa:\u00a0<a href=\"https:\/\/www.linkedin.com\/legal\/cookie-policy\">https:\/\/www.linkedin.com\/legal\/cookie-policy<\/a><\/p>\n<p>&nbsp;<\/p>\n<p><b>COOKIE<\/b><\/p>\n<p>Por favor, consulte la nota informativa sobre las cookies.<\/p>\n<p>&nbsp;<\/p>\n<p><b>BASE JUR\u00cdDICA DEL TRATAMIENTO<\/b><\/p>\n<p>La empresa puede procesar los datos personales antes citados incluso sin un consentimiento espec\u00edfico, menos cuando se solicita para rellenar formularios espec\u00edficos, puesto que la base jur\u00eddica de legalidad del tratamiento deriva de la ejecuci\u00f3n de medidas precontractuales adoptadas por requerimiento del interesado (por ejemplo, solicitud de informaciones por correo electr\u00f3nico), as\u00ed como para la b\u00fasqueda de los intereses leg\u00edtimos de la empresa para promover y lograr sus prop\u00f3sitos estatutarios.<\/p>\n<p>Adem\u00e1s de todo lo que se ha especificado para los datos de navegaci\u00f3n, el usuario puede suministrar o no sus datos personales, pero su ausencia podr\u00eda comportar la imposibilidad de obtener lo que se ha solicitado y la imposibilidad por parte de la empresa de dar continuidad a las solicitudes.<\/p>\n<p>&nbsp;<\/p>\n<p><b>MODALIDAD DEL TRATAMIENTO<\/b><\/p>\n<p>Los datos se memorizan en una base de datos electr\u00f3nica y\/o se conservan en archivos de papel.<\/p>\n<p>Los datos no se someten a un proceso de toma de decisiones automatizado y no se lleva a cabo ning\u00fan tipo de profilaci\u00f3n.<\/p>\n<p>&nbsp;<\/p>\n<p><b>DESTINATARIOS DE LOS DATOS<\/b><\/p>\n<p>Los datos personales los podr\u00e1n conocer los colaboradores y empleados de la empresa, como sujetos autorizados al tratamiento y preparados espec\u00edficamente para ello.<\/p>\n<p>Los datos se podr\u00e1n comunicar a sujetos externos (por ejemplo, empresas que gestionan plataformas web, empresas asociadas, asesores externos, subproveedores, etc.) para las finalidades descritas anteriormente, si fuera necesaria su participaci\u00f3n. Estos sujetos intervendr\u00e1n en calidad de Titulares aut\u00f3nomos o se designar\u00e1n como Responsables del tratamiento.<\/p>\n<p>&nbsp;<\/p>\n<p><b>PERIODO DE CONSERVACI\u00d3N DE LOS DATOS<\/b><\/p>\n<p>La empresa conservar\u00e1 los datos durante el tiempo estrictamente necesario para el cumplimiento de las finalidades especificadas anteriormente y tambi\u00e9n para responder a eventuales necesidades de acceso y recuperaci\u00f3n de los datos. Los datos tratados para llevar a cabo cualquier obligaci\u00f3n contractual se podr\u00e1n conservar durante toda la duraci\u00f3n del contrato y tambi\u00e9n durante los siguientes 10 a\u00f1os para comprobar eventuales deudas o para cumplir con las obligaciones legales (por ejemplo, documentaci\u00f3n contable). A los 24 meses de su adquisici\u00f3n (7 d\u00edas para los datos de navegaci\u00f3n), si no existen otras necesidades de contacto u obligaciones de conservaci\u00f3n, se eliminar\u00e1n los datos recopilados para otras finalidades.<\/p>\n<p>&nbsp;<\/p>\n<p><b>DERECHOS DEL INTERESADO<\/b><\/p>\n<p>Entre los derechos reconocidos se encuentran los siguientes:<\/p>\n<ul>\n<li>Solicitar el acceso a tus datos personales y a las informaciones que les conciernen. Solicitar la rectificaci\u00f3n de los datos inexactos y la integraci\u00f3n de los incompletos. Solicitar la eliminaci\u00f3n de los datos personales (cuando se verifica una de las condiciones indicadas en el art. 17, apartado 1 del RGPD y respetando las excepciones previstas en el apartado 3 del mismo art\u00edculo). Solicitar la limitaci\u00f3n del tratamiento de los datos personales (cuando se verifica una de las hip\u00f3tesis indicadas en el art. 18, apartado 1 del RGPD).<\/li>\n<li>Solicitar y obtener (cuando la base jur\u00eddica del tratamiento es el contrato o el consentimiento, y el tratamiento se lleva a cabo con medios automatizados) los datos personales en un formato estructurado y legible desde un dispositivo autom\u00e1tico, tambi\u00e9n con la finalidad de comunicar estos datos a un titular del tratamiento (el llamado derecho a la portabilidad de los datos personales).<\/li>\n<li>Oponerse en cualquier momento al tratamiento de los datos personales cuando se presenten situaciones especiales que le afectan.<\/li>\n<li>Revocar el consentimiento en cualquier momento, de forma limitada a las hip\u00f3tesis en las que el tratamiento se base en el consentimiento para una o m\u00e1s finalidades espec\u00edficas y se refiera a datos personales comunes (por ejemplo, fecha y lugar de nacimiento o lugar de residencia), o bien a categor\u00edas de datos especiales (por ejemplo, datos que revelan el estado de salud o la vida sexual). El tratamiento basado en el consentimiento y efectuado con anterioridad a la revocaci\u00f3n del mismo conserva, de todas formas, su legalidad.<\/li>\n<\/ul>\n<p>Por lo que se refiere a las finalidades citadas anteriormente, el interesado tiene la facultad de solicitar, en cualquier momento, el cese del tratamiento y del env\u00edo de comunicaciones por correo electr\u00f3nico por parte de la empresa. Dicha solicitud tiene que dirigirse a los contactos indicados anteriormente.<\/p>\n<p>&nbsp;<\/p>\n<p><b>DERECHO A PRESENTAR RECLAMACIONES<\/b><\/p>\n<p>Si el interesado considera que subsiste una violaci\u00f3n en el tratamiento de sus datos personales, puede presentar una reclamaci\u00f3n a la Autoridad de Control del lugar en el que reside o trabaja normalmente, o donde se haya verificado la presunta violaci\u00f3n. En Italia puede presentar una reclamaci\u00f3n ante la Autoridad de Competencia para la Protecci\u00f3n de los Datos.<\/p>\n","protected":false},"excerpt":{"rendered":"<p>Pol\u00edtica de privacidad POL\u00cdTICA DE PRIVACIDAD DE ESTE SITIO\u00a0 Nota informativa de acuerdo con el Reglamento de la UE 2016\/679 (\u00abRGPD\u00bb) &nbsp; Estimado usuario, en esta p\u00e1gina te informamos sobre el tratamiento de los datos de car\u00e1cter personal que se lleva a cabo durante la navegaci\u00f3n por el sitio web gestionado por AMIGOS CAFF\u00c8 S.N.C. di Mingardi Severino e Arianna &amp; C., que es una nota informativa proporcionada de conformidad con el art. 13 del Reglamento de la UE 2016\/679 (RGPD) para quienes utilizan los servicios web de AMIGOS CAFF\u00c8 S.N.C.. Esta nota informativa se proporciona solo para este sitio&#8230;<\/p>\n","protected":false},"author":2,"featured_media":0,"parent":0,"menu_order":0,"comment_status":"closed","ping_status":"closed","template":"","meta":{"footnotes":""},"class_list":["post-3679","page","type-page","status-publish"],"yoast_head":"<!-- This site is optimized with the Yoast SEO plugin v25.3.1 - https:\/\/yoast.com\/wordpress\/plugins\/seo\/ -->\n<title>Pol\u00edtica de privacidad - Amigos<\/title>\n<meta name=\"robots\" content=\"index, follow, max-snippet:-1, max-image-preview:large, max-video-preview:-1\" \/>\n<link rel=\"canonical\" href=\"https:\/\/www.amigoscaffe.com\/es\/politica-de-privacidad\/\" \/>\n<meta property=\"og:locale\" content=\"es_ES\" \/>\n<meta property=\"og:type\" content=\"article\" \/>\n<meta property=\"og:title\" content=\"Pol\u00edtica de privacidad - Amigos\" \/>\n<meta property=\"og:description\" content=\"Pol\u00edtica de privacidad POL\u00cdTICA DE PRIVACIDAD DE ESTE SITIO\u00a0 Nota informativa de acuerdo con el Reglamento de la UE 2016\/679 (\u00abRGPD\u00bb) &nbsp; Estimado usuario, en esta p\u00e1gina te informamos sobre el tratamiento de los datos de car\u00e1cter personal que se lleva a cabo durante la navegaci\u00f3n por el sitio web gestionado por AMIGOS CAFF\u00c8 S.N.C. di Mingardi Severino e Arianna &amp; C., que es una nota informativa proporcionada de conformidad con el art. 13 del Reglamento de la UE 2016\/679 (RGPD) para quienes utilizan los servicios web de AMIGOS CAFF\u00c8 S.N.C.. Esta nota informativa se proporciona solo para este sitio...\" \/>\n<meta property=\"og:url\" content=\"https:\/\/www.amigoscaffe.com\/es\/politica-de-privacidad\/\" \/>\n<meta property=\"og:site_name\" content=\"Amigos\" \/>\n<meta name=\"twitter:card\" content=\"summary_large_image\" \/>\n<meta name=\"twitter:label1\" content=\"Tiempo de lectura\" \/>\n\t<meta name=\"twitter:data1\" content=\"10 minutos\" \/>\n<script type=\"application\/ld+json\" class=\"yoast-schema-graph\">{\"@context\":\"https:\/\/schema.org\",\"@graph\":[{\"@type\":\"WebPage\",\"@id\":\"https:\/\/www.amigoscaffe.com\/es\/politica-de-privacidad\/\",\"url\":\"https:\/\/www.amigoscaffe.com\/es\/politica-de-privacidad\/\",\"name\":\"Pol\u00edtica de privacidad - Amigos\",\"isPartOf\":{\"@id\":\"https:\/\/www.amigoscaffe.com\/es\/#website\"},\"datePublished\":\"2021-09-13T18:28:01+00:00\",\"breadcrumb\":{\"@id\":\"https:\/\/www.amigoscaffe.com\/es\/politica-de-privacidad\/#breadcrumb\"},\"inLanguage\":\"es\",\"potentialAction\":[{\"@type\":\"ReadAction\",\"target\":[\"https:\/\/www.amigoscaffe.com\/es\/politica-de-privacidad\/\"]}]},{\"@type\":\"BreadcrumbList\",\"@id\":\"https:\/\/www.amigoscaffe.com\/es\/politica-de-privacidad\/#breadcrumb\",\"itemListElement\":[{\"@type\":\"ListItem\",\"position\":1,\"name\":\"Home\",\"item\":\"https:\/\/www.amigoscaffe.com\/es\/\"},{\"@type\":\"ListItem\",\"position\":2,\"name\":\"Pol\u00edtica de privacidad\"}]},{\"@type\":\"WebSite\",\"@id\":\"https:\/\/www.amigoscaffe.com\/es\/#website\",\"url\":\"https:\/\/www.amigoscaffe.com\/es\/\",\"name\":\"Amigos\",\"description\":\"La famiglia del caff\u00e8\",\"potentialAction\":[{\"@type\":\"SearchAction\",\"target\":{\"@type\":\"EntryPoint\",\"urlTemplate\":\"https:\/\/www.amigoscaffe.com\/es\/?s={search_term_string}\"},\"query-input\":{\"@type\":\"PropertyValueSpecification\",\"valueRequired\":true,\"valueName\":\"search_term_string\"}}],\"inLanguage\":\"es\"}]}<\/script>\n<!-- \/ Yoast SEO plugin. -->","yoast_head_json":{"title":"Pol\u00edtica de privacidad - Amigos","robots":{"index":"index","follow":"follow","max-snippet":"max-snippet:-1","max-image-preview":"max-image-preview:large","max-video-preview":"max-video-preview:-1"},"canonical":"https:\/\/www.amigoscaffe.com\/es\/politica-de-privacidad\/","og_locale":"es_ES","og_type":"article","og_title":"Pol\u00edtica de privacidad - Amigos","og_description":"Pol\u00edtica de privacidad POL\u00cdTICA DE PRIVACIDAD DE ESTE SITIO\u00a0 Nota informativa de acuerdo con el Reglamento de la UE 2016\/679 (\u00abRGPD\u00bb) &nbsp; Estimado usuario, en esta p\u00e1gina te informamos sobre el tratamiento de los datos de car\u00e1cter personal que se lleva a cabo durante la navegaci\u00f3n por el sitio web gestionado por AMIGOS CAFF\u00c8 S.N.C. di Mingardi Severino e Arianna &amp; C., que es una nota informativa proporcionada de conformidad con el art. 13 del Reglamento de la UE 2016\/679 (RGPD) para quienes utilizan los servicios web de AMIGOS CAFF\u00c8 S.N.C.. Esta nota informativa se proporciona solo para este sitio...","og_url":"https:\/\/www.amigoscaffe.com\/es\/politica-de-privacidad\/","og_site_name":"Amigos","twitter_card":"summary_large_image","twitter_misc":{"Tiempo de lectura":"10 minutos"},"schema":{"@context":"https:\/\/schema.org","@graph":[{"@type":"WebPage","@id":"https:\/\/www.amigoscaffe.com\/es\/politica-de-privacidad\/","url":"https:\/\/www.amigoscaffe.com\/es\/politica-de-privacidad\/","name":"Pol\u00edtica de privacidad - Amigos","isPartOf":{"@id":"https:\/\/www.amigoscaffe.com\/es\/#website"},"datePublished":"2021-09-13T18:28:01+00:00","breadcrumb":{"@id":"https:\/\/www.amigoscaffe.com\/es\/politica-de-privacidad\/#breadcrumb"},"inLanguage":"es","potentialAction":[{"@type":"ReadAction","target":["https:\/\/www.amigoscaffe.com\/es\/politica-de-privacidad\/"]}]},{"@type":"BreadcrumbList","@id":"https:\/\/www.amigoscaffe.com\/es\/politica-de-privacidad\/#breadcrumb","itemListElement":[{"@type":"ListItem","position":1,"name":"Home","item":"https:\/\/www.amigoscaffe.com\/es\/"},{"@type":"ListItem","position":2,"name":"Pol\u00edtica de privacidad"}]},{"@type":"WebSite","@id":"https:\/\/www.amigoscaffe.com\/es\/#website","url":"https:\/\/www.amigoscaffe.com\/es\/","name":"Amigos","description":"La famiglia del caff\u00e8","potentialAction":[{"@type":"SearchAction","target":{"@type":"EntryPoint","urlTemplate":"https:\/\/www.amigoscaffe.com\/es\/?s={search_term_string}"},"query-input":{"@type":"PropertyValueSpecification","valueRequired":true,"valueName":"search_term_string"}}],"inLanguage":"es"}]}},"_links":{"self":[{"href":"https:\/\/www.amigoscaffe.com\/es\/wp-json\/wp\/v2\/pages\/3679","targetHints":{"allow":["GET"]}}],"collection":[{"href":"https:\/\/www.amigoscaffe.com\/es\/wp-json\/wp\/v2\/pages"}],"about":[{"href":"https:\/\/www.amigoscaffe.com\/es\/wp-json\/wp\/v2\/types\/page"}],"author":[{"embeddable":true,"href":"https:\/\/www.amigoscaffe.com\/es\/wp-json\/wp\/v2\/users\/2"}],"replies":[{"embeddable":true,"href":"https:\/\/www.amigoscaffe.com\/es\/wp-json\/wp\/v2\/comments?post=3679"}],"version-history":[{"count":1,"href":"https:\/\/www.amigoscaffe.com\/es\/wp-json\/wp\/v2\/pages\/3679\/revisions"}],"predecessor-version":[{"id":3680,"href":"https:\/\/www.amigoscaffe.com\/es\/wp-json\/wp\/v2\/pages\/3679\/revisions\/3680"}],"wp:attachment":[{"href":"https:\/\/www.amigoscaffe.com\/es\/wp-json\/wp\/v2\/media?parent=3679"}],"curies":[{"name":"wp","href":"https:\/\/api.w.org\/{rel}","templated":true}]}}