{"id":3671,"date":"2021-09-13T20:23:14","date_gmt":"2021-09-13T18:23:14","guid":{"rendered":"https:\/\/www.amigoscaffe.com\/?page_id=3671"},"modified":"2021-09-13T20:23:14","modified_gmt":"2021-09-13T18:23:14","slug":"politique-de-confidentialite","status":"publish","type":"page","link":"https:\/\/www.amigoscaffe.com\/fr\/politique-de-confidentialite\/","title":{"rendered":"Politique de confidentialit\u00e9"},"content":{"rendered":"<h1>Politique de confidentialit\u00e9<\/h1>\n<p><b>LA POLITIQUE DE CONFIDENTIALIT\u00c9 DE CE SITE<\/b><\/p>\n<p><b>Note d\u2019information au titre du R\u00e8glement UE 2016\/679 (\u00ab\u00a0GDPR\u00a0\u00bb)<\/b><\/p>\n<p>Cher utilisateur, sur cette page, nous vous informons du traitement des donn\u00e9es \u00e0 caract\u00e8re personnel effectu\u00e9 lors de votre navigation sur le site web g\u00e9r\u00e9 par AMIGOS CAFF\u00c8 S.N.C. di Mingardi Severino e Arianna &amp; C., qui constitue une note d\u2019information fournie en vertu de l\u2019art. 13 du R\u00e8glement UE 2016\/679 (GDPR) \u00e0 ceux qui interagissent avec les services web d\u2019AMIGOS CAFF\u00c8 S.N.C..<\/p>\n<p>La pr\u00e9sente note d\u2019information est uniquement fournie pour ce site web et non pas pour les \u00e9ventuels autres sites web consult\u00e9s via des liens.<\/p>\n<p>&nbsp;<\/p>\n<p><b>RESPONSABLE DU TRAITEMENT<\/b><\/p>\n<p>Le \u00ab\u00a0responsable\u00a0\u00bb du traitement est la soci\u00e9t\u00e9\u00a0<b>AMIGOS CAFF\u00c8 S.N.C.<\/b>\u00a0de Mingardi Severino e Arianna &amp; C., dont le si\u00e8ge est situ\u00e9 34015 &#8211; MUGGIA (TS), Strada delle Saline n\u00b0 3 &#8211; Zona Industriale delle Noghere.<\/p>\n<p>Les\u00a0<b>donn\u00e9es de contact<\/b>\u00a0sont les suivantes\u00a0: T\u00e9l. +39 040 9235052\u00a0; E-mail\u00a0: info@amigoscaffe.com<\/p>\n<p>&nbsp;<\/p>\n<p><b>DONN\u00c9ES \u00c0 CARACT\u00c8RE PERSONNEL TRAIT\u00c9ES ET FINALIT\u00c9S DU TRAITEMENT<\/b><\/p>\n<p><b>Donn\u00e9es de navigation<\/b><\/p>\n<p>Les syst\u00e8mes informatiques et les proc\u00e9dures logicielles utilis\u00e9es pour le fonctionnement de ce site acqui\u00e8rent certaines donn\u00e9es \u00e0 caract\u00e8re personnel dont la transmission est implicite dans l\u2019utilisation des protocoles de communication d\u2019Internet.<\/p>\n<p>Cette cat\u00e9gorie de donn\u00e9es comporte les adresses IP ou les noms de domaine des ordinateurs et des terminaux utilis\u00e9s par les utilisateurs, les adresses en notation URI\/URL (Uniform Resource Identifier\/Locator) des ressources demand\u00e9es, l\u2019horaire de la demande, la m\u00e9thode utilis\u00e9e pour soumettre la demande au serveur, la dimension du fichier obtenu en r\u00e9ponse, le code num\u00e9rique indiquant l\u2019\u00e9tat de la r\u00e9ponse donn\u00e9e par le serveur (bonne fin, erreur, etc.) ainsi que d\u2019autres param\u00e8tres relatifs au syst\u00e8me d\u2019exploitation et \u00e0 l\u2019environnement informatique de l\u2019utilisateur.<\/p>\n<p>Ces donn\u00e9es, n\u00e9cessaires \u00e0 l\u2019utilisation des services web, sont \u00e9galement trait\u00e9es dans le but de\u00a0:<\/p>\n<p>&#8211; obtenir des informations statistiques sur l\u2019utilisation des services (pages les plus visit\u00e9es, nombre de visiteurs par tranche horaire ou journali\u00e8re, zones g\u00e9ographiques de provenance, etc.)\u00a0;<\/p>\n<p>&#8211; contr\u00f4ler le bon fonctionnement des services offerts.<\/p>\n<p>Les donn\u00e9es de navigation ne persistent pas plus de sept jours et sont effac\u00e9es imm\u00e9diatement apr\u00e8s leur agr\u00e9gation (sauf \u00e9ventuelles n\u00e9cessit\u00e9s de constatation de d\u00e9lits de la part de l\u2019Autorit\u00e9 judiciaire).<\/p>\n<p><b>Donn\u00e9es communiqu\u00e9es \u00e0 l\u2019utilisateur<\/b><\/p>\n<p>L\u2019envoi facultatif, explicite et volontaire de messages aux adresses de contact publi\u00e9es sur le site web, ainsi que la saisie et l\u2019envoi des formulaires pr\u00e9sents au sein du site web, comportent l\u2019acquisition des donn\u00e9es de contact de l\u2019exp\u00e9diteur, n\u00e9cessaires pour r\u00e9pondre, ainsi que de toutes les donn\u00e9es \u00e0 caract\u00e8re personnel incluses dans les communications.<\/p>\n<p>Des notes d\u2019information sp\u00e9cifiques sont publi\u00e9es sur les pages du site web pr\u00e9vues pour la fourniture de certains services, avec demande d\u2019\u00e9ventuel consentement au traitement.<\/p>\n<p>Nous vous informons que, en r\u00e8gle g\u00e9n\u00e9rale, le Responsable du traitement traite les donn\u00e9es \u00e0 caract\u00e8re personnel des utilisateurs pour les finalit\u00e9s ci-apr\u00e8s\u00a0:<\/p>\n<p>1. exp\u00e9dition des commandes et activit\u00e9s connexes au service de e-commerce (y compris toutes les activit\u00e9s fonctionnelles \u00e0 la vente et aux services de vente et apr\u00e8s-vente, par exemple activit\u00e9s administratives, comptables, gestion de la relation client, etc.)\u00a0;<\/p>\n<p>2. gestion des paiements, y compris le contr\u00f4le anti-fraude en cas de paiement par carte bancaire\u00a0;<\/p>\n<p>3. gestion des demandes de l\u2019utilisateur\u00a0: demandes techniques, de nature commerciale, concernant l\u2019\u00e9tat d\u2019avancement des commandes et demandes d\u2019informations au sens large (informations, questions, communications ou feedbacks de la part des utilisateurs) y compris par le biais du service clients g\u00e9r\u00e9 t\u00e9l\u00e9phoniquement\u00a0;<\/p>\n<p>4. envoi d\u2019une newsletter p\u00e9riodique ayant un contenu informatif, promotionnel et\/ou publicitaire par rapport aux services offerts, avec votre consentement\u00a0;<\/p>\n<p>5. gestion de la participation \u00e0 des promotions et autres initiatives organis\u00e9es via le Site\u00a0;<\/p>\n<p>6. respect d\u2019obligations l\u00e9gales, r\u00e8glementaires et normatives communautaires (y compris la r\u00e8glementation en mati\u00e8re de lutte contre le blanchiment) et pour l\u2019exercice de droits en justice.<\/p>\n<p>&nbsp;<\/p>\n<p>Par ailleurs, vos donn\u00e9es \u00e0 caract\u00e8re personnel peuvent \u00eatre trait\u00e9es pour l\u2019envoi de mat\u00e9riel publicitaire et de marketing direct ou d\u2019autres communications commerciales, y compris par courrier \u00e9lectronique\u00a0: si la publicit\u00e9 concerne des produits analogues \u00e0 ceux d\u00e9j\u00e0 achet\u00e9s, vous pourrez la recevoir \u00e0 votre adresse de courrier \u00e9lectronique m\u00eame sans votre consentement expr\u00e8s (ledit Soft Spam), \u00e0 moins que vous n\u2019ayez refus\u00e9 cette utilisation lorsque vous avez fourni votre e-mail ou lors d\u2019occasions ult\u00e9rieures\u00a0; en revanche, votre consentement sera n\u00e9cessaire pour rendre licite la r\u00e9ception d\u2019e-mails publicitaires relatifs \u00e0 des produits et services d\u2019un genre diff\u00e9rent de ceux que vous avez d\u00e9j\u00e0 achet\u00e9s\u00a0;<\/p>\n<p>&nbsp;<\/p>\n<p><b>Donn\u00e9es acquises via r\u00e9seaux sociaux<\/b><\/p>\n<p>Si l\u2019utilisateur se connecte \u00e0 une page de r\u00e9seau social de l\u2019entreprise via social login (\u00e0 savoir le compte d\u2019un r\u00e9seau social auquel il est inscrit), peuvent \u00eatre acquises de la part de l\u2019entreprise les donn\u00e9es qui sont publi\u00e9es sur ce r\u00e9seau social, y compris sur la base des param\u00e8tres de confidentialit\u00e9 configur\u00e9es par l\u2019utilisateur (ex\u00a0: informations contenues dans le message\/post pour r\u00e9pondre aux demandes d\u2019informations ou d\u2019assistance, images, ou informations tir\u00e9es du profil publi\u00e9). Des notes d\u2019information sp\u00e9cifiques sur le traitement des donn\u00e9es effectu\u00e9 par les plateformes de r\u00e9seaux sociaux sont mises \u00e0 disposition par celles-ci (ex : https:\/\/www.facebook.com\/privacy\/explanation).<\/p>\n<p>&nbsp;<\/p>\n<p><b>R\u00c9SEAUX SOCIAUX<\/b><\/p>\n<p>Ce site peut utiliser lesdits plug-ins sociaux. Les plug-ins sociaux sont des instruments sp\u00e9ciaux permettant d\u2019int\u00e9grer les fonctionnalit\u00e9s du r\u00e9seau social directement \u00e0 l\u2019int\u00e9rieur du site web (la fonction \u00ab\u00a0J\u2019aime\u00a0\u00bb de Facebook par exemple)<\/p>\n<p>Tous les plug-ins pr\u00e9sents au sein du site sont indiqu\u00e9s par le logo respectif appartenant \u00e0 la plateforme de r\u00e9seau social (ex\u00a0: Facebook, Google, Twitter, LinkedIn).<br \/>\nLorsque l\u2019on visite une page de notre site et que l\u2019on interagit avec le plug-in (en cliquant sur le bouton \u00ab\u00a0J\u2019aime\u00a0\u00bb par exemple) ou que l\u2019on d\u00e9cide de laisser un commentaire, les informations correspondantes sont transmises par le navigateur directement \u00e0 la plateforme de r\u00e9seau social et m\u00e9moris\u00e9es par celui-ci. Pour plus d\u2019informations sur les finalit\u00e9s, le type et les modalit\u00e9s de collecte, d\u2019\u00e9laboration, d\u2019utilisation et de conservation des donn\u00e9es \u00e0 caract\u00e8re personnel de la part de la plateforme de r\u00e9seau social, ainsi que pour conna\u00eetre les modalit\u00e9s selon lesquelles exercer ses droits, veuillez consulter la politique de confidentialit\u00e9 adopt\u00e9e par chaque r\u00e9seau social.<\/p>\n<p><b>Facebook\u00a0:<\/b>\u00a0Note d\u2019information\u00a0:\u00a0<a href=\"https:\/\/www.facebook.com\/policies\/cookies\/\">https:\/\/www.facebook.com\/policies\/cookies\/<\/a><\/p>\n<p><b>Twitter\u00a0:<\/b>\u00a0Note d\u2019information\u00a0:\u00a0<a href=\"https:\/\/support.twitter.com\/articles\/20170514\">https:\/\/support.twitter.com\/articles\/20170514<\/a><\/p>\n<p><b>LinkedIn\u00a0:<\/b>\u00a0Note d\u2019information\u00a0:\u00a0<a href=\"https:\/\/www.linkedin.com\/legal\/cookie-policy\">https:\/\/www.linkedin.com\/legal\/cookie-policy<\/a><\/p>\n<p>&nbsp;<\/p>\n<p><b>COOKIES<\/b><\/p>\n<p>Veuillez consulter la note d\u2019information sur les cookies.<\/p>\n<p>&nbsp;<\/p>\n<p><b>BASE JURIDIQUE DU TRAITEMENT<\/b><\/p>\n<p>L\u2019entreprise peut traiter les donn\u00e9es \u00e0 caract\u00e8re personnel susmentionn\u00e9es y compris sans consentement sp\u00e9cifique, sous r\u00e9serve de qui est demand\u00e9 pour la saisie de formulaires sp\u00e9cifiques, puisque la base juridique de lic\u00e9it\u00e9 du traitement r\u00e9sulte de l\u2019ex\u00e9cution de mesures pr\u00e9contractuelles adopt\u00e9es sur demande de la personne concern\u00e9e (ex\u00a0: demande d\u2019informations via e-mail), ainsi que pour la poursuite de l\u2019int\u00e9r\u00eat l\u00e9gitime de l\u2019entreprise de promouvoir et de r\u00e9aliser ses objectifs statutaires.<\/p>\n<p>Outre ce qui est sp\u00e9cifi\u00e9 pour les donn\u00e9es de navigation, l\u2019utilisateur est libre de communiquer ses donn\u00e9es \u00e0 caract\u00e8re personnel mais la non-communication pourrait entra\u00eener l\u2019impossibilit\u00e9 d\u2019obtenir ce qui est demand\u00e9 et l\u2019impossibilit\u00e9 de la part de l\u2019entreprise de donner suite aux demandes.<\/p>\n<p>&nbsp;<\/p>\n<p><b>MODALIT\u00c9S DU TRAITEMENT<\/b><\/p>\n<p>Les donn\u00e9es sont saisies dans une banque de donn\u00e9es \u00e9lectronique et\/ou conserv\u00e9es dans des archives papier.<\/p>\n<p>Les donn\u00e9es ne font pas l\u2019objet d\u2019une prise de d\u00e9cision automatis\u00e9e, et aucun type de profilage n\u2019est effectu\u00e9.<\/p>\n<p>&nbsp;<\/p>\n<p><b>DESTINATAIRES DES DONN\u00c9ES<\/b><\/p>\n<p>Les donn\u00e9es \u00e0 caract\u00e8re personnel pourront \u00eatre connues des collaborateurs et employ\u00e9s de l\u2019entreprise, en tant que personnes autoris\u00e9es au traitement et ayant re\u00e7u des instructions ad\u00e9quates.<\/p>\n<p>Les donn\u00e9es pourront \u00eatre communiqu\u00e9es \u00e0 des personnes ext\u00e9rieures (ex\u00a0: soci\u00e9t\u00e9s qui g\u00e8rent des plateformes web, soci\u00e9t\u00e9s li\u00e9es, consultants ext\u00e9rieurs, sous-traitants, etc.) pour les finalit\u00e9s pr\u00e9cit\u00e9es, s\u2019il existe la n\u00e9cessit\u00e9 de leur implication. Lesdites entit\u00e9s \u0153uvreront en qualit\u00e9 de responsables autonomes, ou seront nomm\u00e9es en tant que responsables du traitement.<\/p>\n<p>&nbsp;<\/p>\n<p><b>P\u00c9RIODE DE CONSERVATION DES DONN\u00c9ES<\/b><\/p>\n<p>L\u2019entreprise conservera les donn\u00e9es pendant la dur\u00e9e \u00e9troitement n\u00e9cessaire \u00e0 la r\u00e9alisation des finalit\u00e9s expos\u00e9es ci-dessus et y compris pour r\u00e9pondre \u00e0 d\u2019\u00e9ventuelles n\u00e9cessit\u00e9s d\u2019acc\u00e8s et de r\u00e9cup\u00e9ration des donn\u00e9es. Les donn\u00e9es trait\u00e9es pour remplir toute obligation contractuelle pourront \u00eatre conserv\u00e9es pendant toute la dur\u00e9e du contrat et les 10 ann\u00e9es suivantes, afin de v\u00e9rifier d\u2019\u00e9ventuelles questions pendantes ou pour le respect des obligations l\u00e9gales (ex\u00a0: comptabilit\u00e9). Apr\u00e8s 24 mois \u00e0 compter de l\u2019acquisition (7 jours pour les donn\u00e9es de navigation), s\u2019il n\u2019existe pas d\u2019autres n\u00e9cessit\u00e9s de contact ou obligations de conservation, les donn\u00e9es collect\u00e9es pour d\u2019autres finalit\u00e9s seront effac\u00e9es.<\/p>\n<p>&nbsp;<\/p>\n<p><b>DROITS DE LA PERSONNE CONCERN\u00c9E<\/b><\/p>\n<p>Les droits reconnus comportent les droits de\u00a0:<\/p>\n<ul>\n<li>demander l\u2019acc\u00e8s \u00e0 vos donn\u00e9es \u00e0 caract\u00e8re personnel et aux informations relatives \u00e0 celles-ci\u00a0; la rectification des donn\u00e9es inexactes ou l\u2019int\u00e9gration des donn\u00e9es incompl\u00e8tes\u00a0; l\u2019effacement des donn\u00e9es \u00e0 caract\u00e8re personnel (si l\u2019une des conditions vis\u00e9es \u00e0 l\u2019art. 17, paragraphe 1 du GDPR est remplie et conform\u00e9ment aux exceptions pr\u00e9vues au paragraphe du m\u00eame article)\u00a0; la limitation du traitement des donn\u00e9es \u00e0 caract\u00e8re personnel (si l\u2019un des \u00e9l\u00e9ments vis\u00e9s \u00e0 l\u2019art. 18, paragraphe 1 du GDPR s\u2019applique)\u00a0;<\/li>\n<li>demander et obtenir \u2013 dans les hypoth\u00e8ses o\u00f9 la base juridique du traitement serait le contrat ou le consentement, et que celui-ci serait effectu\u00e9 \u00e0 l\u2019aide de proc\u00e9d\u00e9s automatis\u00e9s \u2013 les donn\u00e9es \u00e0 caract\u00e8re personnel dans un format structur\u00e9 et lisible par un dispositif automatique, y compris aux fins de communiquer ces donn\u00e9es \u00e0 un autre responsable du traitement (ledit droit \u00e0 la portabilit\u00e9 des donn\u00e9es \u00e0 caract\u00e8re personnel)\u00a0;<\/li>\n<li>s\u2019opposer \u00e0 tout moment au traitement des donn\u00e9es \u00e0 caract\u00e8re personnel en pr\u00e9sence de situations particuli\u00e8res la concernant ;<\/li>\n<li>retirer son consentement \u00e0 tout moment, dans la limite des hypoth\u00e8ses o\u00f9 le traitement serait bas\u00e9 sur le consentement pour une ou plusieurs finalit\u00e9s sp\u00e9cifiques et concernerait des donn\u00e9es \u00e0 caract\u00e8re personnel communes (ex : date et lieu de naissance ou lieu de r\u00e9sidence), ou des cat\u00e9gories de donn\u00e9es particuli\u00e8res (ex : donn\u00e9es r\u00e9v\u00e9lant l\u2019\u00e9tat de sant\u00e9 ou l\u2019orientation sexuelle). Le traitement bas\u00e9 sur le consentement et effectu\u00e9 avant le retrait de celui-ci conserve, quoi qu\u2019il en soit, sa lic\u00e9it\u00e9 ;<\/li>\n<\/ul>\n<p>En r\u00e9f\u00e9rence aux finalit\u00e9s pr\u00e9cit\u00e9es, la personne concern\u00e9e a la facult\u00e9 de proc\u00e9der, \u00e0 tout moment, \u00e0 la demande de cessation du traitement et \u00e0 l\u2019envoi de communications e-mail de la part de l\u2019entreprise, avec demande de se pr\u00e9senter aux contacts mentionn\u00e9s ci-dessus.<\/p>\n<p>&nbsp;<\/p>\n<p><b>DROIT D\u2019INTRODUIRE UNE R\u00c9CLAMATION<\/b><\/p>\n<p>Si la personne concern\u00e9e estime qu\u2019il existe une violation dans le traitement de ses donn\u00e9es \u00e0 caract\u00e8re personnel, elle peut introduire une r\u00e9clamation aupr\u00e8s de l\u2019autorit\u00e9 de contr\u00f4le du lieu dans lequel se trouve sa r\u00e9sidence habituelle, son lieu de travail ou le lieu o\u00f9 la violation aurait \u00e9t\u00e9 commise. En Italie, elle peut introduire une r\u00e9clamation aupr\u00e8s de l\u2019Autorit\u00e9 Garante de la Protection des Donn\u00e9es personnelles (Autorit\u00e0 Garante per la Protezione dei Dati).<\/p>\n","protected":false},"excerpt":{"rendered":"<p>Politique de confidentialit\u00e9 LA POLITIQUE DE CONFIDENTIALIT\u00c9 DE CE SITE Note d\u2019information au titre du R\u00e8glement UE 2016\/679 (\u00ab\u00a0GDPR\u00a0\u00bb) Cher utilisateur, sur cette page, nous vous informons du traitement des donn\u00e9es \u00e0 caract\u00e8re personnel effectu\u00e9 lors de votre navigation sur le site web g\u00e9r\u00e9 par AMIGOS CAFF\u00c8 S.N.C. di Mingardi Severino e Arianna &amp; C., qui constitue une note d\u2019information fournie en vertu de l\u2019art. 13 du R\u00e8glement UE 2016\/679 (GDPR) \u00e0 ceux qui interagissent avec les services web d\u2019AMIGOS CAFF\u00c8 S.N.C.. La pr\u00e9sente note d\u2019information est uniquement fournie pour ce site web et non pas pour les \u00e9ventuels autres&#8230;<\/p>\n","protected":false},"author":2,"featured_media":0,"parent":0,"menu_order":0,"comment_status":"closed","ping_status":"closed","template":"","meta":{"footnotes":""},"class_list":["post-3671","page","type-page","status-publish"],"yoast_head":"<!-- This site is optimized with the Yoast SEO plugin v25.3.1 - https:\/\/yoast.com\/wordpress\/plugins\/seo\/ -->\n<title>Politique de confidentialit\u00e9 - Amigos<\/title>\n<meta name=\"robots\" content=\"index, follow, max-snippet:-1, max-image-preview:large, max-video-preview:-1\" \/>\n<link rel=\"canonical\" href=\"https:\/\/www.amigoscaffe.com\/fr\/politique-de-confidentialite\/\" \/>\n<meta property=\"og:locale\" content=\"fr_FR\" \/>\n<meta property=\"og:type\" content=\"article\" \/>\n<meta property=\"og:title\" content=\"Politique de confidentialit\u00e9 - Amigos\" \/>\n<meta property=\"og:description\" content=\"Politique de confidentialit\u00e9 LA POLITIQUE DE CONFIDENTIALIT\u00c9 DE CE SITE Note d\u2019information au titre du R\u00e8glement UE 2016\/679 (\u00ab\u00a0GDPR\u00a0\u00bb) Cher utilisateur, sur cette page, nous vous informons du traitement des donn\u00e9es \u00e0 caract\u00e8re personnel effectu\u00e9 lors de votre navigation sur le site web g\u00e9r\u00e9 par AMIGOS CAFF\u00c8 S.N.C. di Mingardi Severino e Arianna &amp; C., qui constitue une note d\u2019information fournie en vertu de l\u2019art. 13 du R\u00e8glement UE 2016\/679 (GDPR) \u00e0 ceux qui interagissent avec les services web d\u2019AMIGOS CAFF\u00c8 S.N.C.. La pr\u00e9sente note d\u2019information est uniquement fournie pour ce site web et non pas pour les \u00e9ventuels autres...\" \/>\n<meta property=\"og:url\" content=\"https:\/\/www.amigoscaffe.com\/fr\/politique-de-confidentialite\/\" \/>\n<meta property=\"og:site_name\" content=\"Amigos\" \/>\n<meta name=\"twitter:card\" content=\"summary_large_image\" \/>\n<meta name=\"twitter:label1\" content=\"Dur\u00e9e de lecture estim\u00e9e\" \/>\n\t<meta name=\"twitter:data1\" content=\"10 minutes\" \/>\n<script type=\"application\/ld+json\" class=\"yoast-schema-graph\">{\"@context\":\"https:\/\/schema.org\",\"@graph\":[{\"@type\":\"WebPage\",\"@id\":\"https:\/\/www.amigoscaffe.com\/fr\/politique-de-confidentialite\/\",\"url\":\"https:\/\/www.amigoscaffe.com\/fr\/politique-de-confidentialite\/\",\"name\":\"Politique de confidentialit\u00e9 - Amigos\",\"isPartOf\":{\"@id\":\"https:\/\/www.amigoscaffe.com\/fr\/#website\"},\"datePublished\":\"2021-09-13T18:23:14+00:00\",\"breadcrumb\":{\"@id\":\"https:\/\/www.amigoscaffe.com\/fr\/politique-de-confidentialite\/#breadcrumb\"},\"inLanguage\":\"fr-FR\",\"potentialAction\":[{\"@type\":\"ReadAction\",\"target\":[\"https:\/\/www.amigoscaffe.com\/fr\/politique-de-confidentialite\/\"]}]},{\"@type\":\"BreadcrumbList\",\"@id\":\"https:\/\/www.amigoscaffe.com\/fr\/politique-de-confidentialite\/#breadcrumb\",\"itemListElement\":[{\"@type\":\"ListItem\",\"position\":1,\"name\":\"Home\",\"item\":\"https:\/\/www.amigoscaffe.com\/fr\/\"},{\"@type\":\"ListItem\",\"position\":2,\"name\":\"Politique de confidentialit\u00e9\"}]},{\"@type\":\"WebSite\",\"@id\":\"https:\/\/www.amigoscaffe.com\/fr\/#website\",\"url\":\"https:\/\/www.amigoscaffe.com\/fr\/\",\"name\":\"Amigos\",\"description\":\"La famiglia del caff\u00e8\",\"potentialAction\":[{\"@type\":\"SearchAction\",\"target\":{\"@type\":\"EntryPoint\",\"urlTemplate\":\"https:\/\/www.amigoscaffe.com\/fr\/?s={search_term_string}\"},\"query-input\":{\"@type\":\"PropertyValueSpecification\",\"valueRequired\":true,\"valueName\":\"search_term_string\"}}],\"inLanguage\":\"fr-FR\"}]}<\/script>\n<!-- \/ Yoast SEO plugin. -->","yoast_head_json":{"title":"Politique de confidentialit\u00e9 - Amigos","robots":{"index":"index","follow":"follow","max-snippet":"max-snippet:-1","max-image-preview":"max-image-preview:large","max-video-preview":"max-video-preview:-1"},"canonical":"https:\/\/www.amigoscaffe.com\/fr\/politique-de-confidentialite\/","og_locale":"fr_FR","og_type":"article","og_title":"Politique de confidentialit\u00e9 - Amigos","og_description":"Politique de confidentialit\u00e9 LA POLITIQUE DE CONFIDENTIALIT\u00c9 DE CE SITE Note d\u2019information au titre du R\u00e8glement UE 2016\/679 (\u00ab\u00a0GDPR\u00a0\u00bb) Cher utilisateur, sur cette page, nous vous informons du traitement des donn\u00e9es \u00e0 caract\u00e8re personnel effectu\u00e9 lors de votre navigation sur le site web g\u00e9r\u00e9 par AMIGOS CAFF\u00c8 S.N.C. di Mingardi Severino e Arianna &amp; C., qui constitue une note d\u2019information fournie en vertu de l\u2019art. 13 du R\u00e8glement UE 2016\/679 (GDPR) \u00e0 ceux qui interagissent avec les services web d\u2019AMIGOS CAFF\u00c8 S.N.C.. La pr\u00e9sente note d\u2019information est uniquement fournie pour ce site web et non pas pour les \u00e9ventuels autres...","og_url":"https:\/\/www.amigoscaffe.com\/fr\/politique-de-confidentialite\/","og_site_name":"Amigos","twitter_card":"summary_large_image","twitter_misc":{"Dur\u00e9e de lecture estim\u00e9e":"10 minutes"},"schema":{"@context":"https:\/\/schema.org","@graph":[{"@type":"WebPage","@id":"https:\/\/www.amigoscaffe.com\/fr\/politique-de-confidentialite\/","url":"https:\/\/www.amigoscaffe.com\/fr\/politique-de-confidentialite\/","name":"Politique de confidentialit\u00e9 - Amigos","isPartOf":{"@id":"https:\/\/www.amigoscaffe.com\/fr\/#website"},"datePublished":"2021-09-13T18:23:14+00:00","breadcrumb":{"@id":"https:\/\/www.amigoscaffe.com\/fr\/politique-de-confidentialite\/#breadcrumb"},"inLanguage":"fr-FR","potentialAction":[{"@type":"ReadAction","target":["https:\/\/www.amigoscaffe.com\/fr\/politique-de-confidentialite\/"]}]},{"@type":"BreadcrumbList","@id":"https:\/\/www.amigoscaffe.com\/fr\/politique-de-confidentialite\/#breadcrumb","itemListElement":[{"@type":"ListItem","position":1,"name":"Home","item":"https:\/\/www.amigoscaffe.com\/fr\/"},{"@type":"ListItem","position":2,"name":"Politique de confidentialit\u00e9"}]},{"@type":"WebSite","@id":"https:\/\/www.amigoscaffe.com\/fr\/#website","url":"https:\/\/www.amigoscaffe.com\/fr\/","name":"Amigos","description":"La famiglia del caff\u00e8","potentialAction":[{"@type":"SearchAction","target":{"@type":"EntryPoint","urlTemplate":"https:\/\/www.amigoscaffe.com\/fr\/?s={search_term_string}"},"query-input":{"@type":"PropertyValueSpecification","valueRequired":true,"valueName":"search_term_string"}}],"inLanguage":"fr-FR"}]}},"_links":{"self":[{"href":"https:\/\/www.amigoscaffe.com\/fr\/wp-json\/wp\/v2\/pages\/3671","targetHints":{"allow":["GET"]}}],"collection":[{"href":"https:\/\/www.amigoscaffe.com\/fr\/wp-json\/wp\/v2\/pages"}],"about":[{"href":"https:\/\/www.amigoscaffe.com\/fr\/wp-json\/wp\/v2\/types\/page"}],"author":[{"embeddable":true,"href":"https:\/\/www.amigoscaffe.com\/fr\/wp-json\/wp\/v2\/users\/2"}],"replies":[{"embeddable":true,"href":"https:\/\/www.amigoscaffe.com\/fr\/wp-json\/wp\/v2\/comments?post=3671"}],"version-history":[{"count":1,"href":"https:\/\/www.amigoscaffe.com\/fr\/wp-json\/wp\/v2\/pages\/3671\/revisions"}],"predecessor-version":[{"id":3672,"href":"https:\/\/www.amigoscaffe.com\/fr\/wp-json\/wp\/v2\/pages\/3671\/revisions\/3672"}],"wp:attachment":[{"href":"https:\/\/www.amigoscaffe.com\/fr\/wp-json\/wp\/v2\/media?parent=3671"}],"curies":[{"name":"wp","href":"https:\/\/api.w.org\/{rel}","templated":true}]}}