{"id":3677,"date":"2021-09-13T20:26:53","date_gmt":"2021-09-13T18:26:53","guid":{"rendered":"https:\/\/www.amigoscaffe.com\/?page_id=3677"},"modified":"2021-09-13T20:26:53","modified_gmt":"2021-09-13T18:26:53","slug":"privacy-policy","status":"publish","type":"page","link":"https:\/\/www.amigoscaffe.com\/sl\/privacy-policy\/","title":{"rendered":"Privacy Policy"},"content":{"rendered":"<h1>Privacy Policy<\/h1>\n<p><b>POLITIKA VARSTVA OSEBNIH PODATKOV NA TEJ SPLETNI STRANI<\/b><\/p>\n<p><b>Obvestilo v skladu z Uredbo EU 2016\/679 (GDPR)\u00a0<\/b><\/p>\n<p>&nbsp;<\/p>\n<p>Spo\u0161tovani uporabnik, na tej strani vas obve\u0161\u010damo o obdelavi osebnih podatkov, ki poteka ob uporabi spletnih strani, ki jih upravlja dru\u017eba AMIGOS CAFF\u00c8 S.N.C. di Mingardi Severino e Arianna &amp; C. To obvestilo je podano v skladu s 13. \u010dlenom Uredbe EU 2016\/679 (GDPR) vsem tistim, ki komunicirajo s spletnimi storitvami dru\u017ebe AMIGOS CAFF\u00c8 S.N.C..<\/p>\n<p>To obvestilo zadeva samo to spletno stran, ne pa tudi drugih spletnih strani, ki jih je mogo\u010de obiskati preko njenih povezav.<\/p>\n<p>&nbsp;<\/p>\n<p><b>KDO SMO: UPRAVLJAVEC OBDELAVE PODATKOV<\/b><\/p>\n<p>Upravljavec obdelave je dru\u017eba\u00a0<b>AMIGOS CAFF\u00c8 S.N.C.<\/b>\u00a0di Mingardi Severino e Arianna &amp; C., s sede\u017eem v 34015 &#8211; MILJE (TS), Strada delle Saline 3 \u2013 industrijska cona Noghere &#8211; Oreh.<\/p>\n<p><b>Kontaktni podatki\u00a0<\/b>so naslednji<b>:\u00a0<\/b>Tel. +39 040 9235052; Email:<b>\u00a0<\/b>info@amigoscaffe.com<\/p>\n<p>&nbsp;<\/p>\n<p><b>OBDELANI OSEBNI PODATKI IN NAMENI OBDELAVE<\/b><\/p>\n<p><b>Podatki o brskanju<\/b><\/p>\n<p>Informacijski sistemi in programski postopki, uporabljeni za delovanje te spletne strani, pridobivajo nekatere osebne podatke, katerih prenos je nelo\u010dljivo povezan z uporabo internetnih komunikacijskih protokolov.<\/p>\n<p>V to vrsto podatkov sodijo IP naslovi oziroma domenska imena ra\u010dunalnikov in terminalov, ki jih uporabljajo uporabniki, naslovi URI\/URL (Uniform Resource Identifier\/Locator) zahtevanih virov, \u010das zahteve, metoda, uporabljena za posredovanje zahteve stre\u017eniku, velikost datoteke, prejete v odgovor, \u0161tevil\u010dna koda, ki prikazuje stanje odgovora, ki ga je posredoval stre\u017enik (uspe\u0161no, napaka itd.) in drugi podatki v zvezi z operacijskim sistemom in informacijskim okoljem uporabnika.<\/p>\n<p>Ti podatki, potrebni za uporabo spletnih storitev, se obdelujejo tudi z namenom:<\/p>\n<p>&#8211; pridobivanja statisti\u010dnih informacij o uporabi storitev (najbolj obiskane strani, \u0161tevilo obiskovalcev po urah ali dnevih, geografska obmo\u010dja, kjer se nahajajo obiskovalci itd.);<\/p>\n<p>&#8211; nadzora pravilnega delovanja ponujenih storitev.<\/p>\n<p>Podatki o brskanju se hranijo najve\u010d sedem dni in se izbri\u0161ejo takoj po njihovem agregiranju (razen morebitnih potreb po odkrivanju kaznivih dejanj s strani sodi\u0161\u010da).<\/p>\n<p><b>Podatki, ki jih posreduje uporabnik<\/b><\/p>\n<p>Neobvezno, izrecno in prostovoljno po\u0161iljanje sporo\u010dil na kontaktne naslove, objavljene na spletni strani, kakor tudi izpolnjevanje in posredovanje obrazcev, ki so na spletni strani, vklju\u010dujejo pridobivanje kontaktnih podatkov po\u0161iljatelja, ki so potrebni za odgovor, kakor tudi vseh osebnih podatkov, vklju\u010denih v komunikacijo.<\/p>\n<p>Posebna obvestila so objavljena na spletnih straneh, izdelanih za opravljanje dolo\u010denih storitev, skupaj z zahtevo za morebitno privolitev za obdelavo.<\/p>\n<p>Obve\u0161\u010damo vas, da upravljavec osebnih podatkov praviloma obdeluje osebne podatke uporabnikov za naslednje namene:<\/p>\n<p>1. izvr\u0161evanje naro\u010dil in dejavnosti, povezanih s storitvijo e-trgovine (vklju\u010dno z vsemi dejavnostmi za prodajo ter prodajne in poprodajne storitve, na primer administrativne in ra\u010dunovodske dejavnosti, upravljanje stikov s kupci itd.);<\/p>\n<p>2. upravljanje pla\u010dil, vklju\u010dno z nadzorom za prepre\u010devanje goljufij v primeru pla\u010dila s kreditno kartico;<\/p>\n<p>3. obravnavanje zahtev uporabnikov: tehni\u010dne zahteve komercialnega zna\u010daja glede stanja naro\u010dil in zahteve za informacije v \u0161ir\u0161em smislu (informacije, vpra\u0161anja, obvestila ali povratne informacije uporabnikov), tudi s pomo\u010djo telefonskega izvajanja storitev;<\/p>\n<p>4. po\u0161iljanje rednih e-novic z informativno, promocijsko in\/oziroma oglasno vsebino v zvezi s ponujenimi storitvami, z va\u0161o predhodno privolitvijo;<\/p>\n<p>5. upravljanje sodelovanja pri promocijah in drugih pobudah, organiziranih na spletni strani;<\/p>\n<p>6. izpolnjevanje pravnih obveznosti, uredbe in zakonodaje Skupnosti (vklju\u010dno s predpisi s podro\u010dja ukrepov proti pranju denarja) in za uveljavljanje pravic na sodi\u0161\u010du.<\/p>\n<p>&nbsp;<\/p>\n<p>Va\u0161e osebne podatke je mogo\u010de obdelovati tudi za po\u0161iljanje oglasnega gradiva in gradiva za neposredno tr\u017eenje ali drugih komercialnih sporo\u010dil, tudi po elektronski po\u0161ti: \u010de oglas zadeva proizvode, podobne \u017ee kupljenim, boste oglas lahko prejeli na svoj naslov elektronske po\u0161te tudi brez svoje izrecne privolitve (t.i. Soft Spam), \u010de te uporabe niste zavrnili pri posredovanju svoje e-po\u0161te ali ob naslednjih prilo\u017enostih; va\u0161a privolitev pa je potrebna za zakonito prejemanje oglasne e-po\u0161te v zvezi s proizvodi in storitvami, ki so druga\u010dni od tistih, ki ste jih \u017ee kupili.<\/p>\n<p>&nbsp;<\/p>\n<p><b>Podatki, pridobljeni na dru\u017ebenih omre\u017ejih<\/b><\/p>\n<p>\u010ce se uporabnik pove\u017ee s stranjo na dru\u017ebenem omre\u017eju podjetja preko prijave (torej ra\u010duna na dru\u017ebenem omre\u017eju, na katerem je prijavljen), lahko podjetje pridobi podatke, ki se objavijo na tem dru\u017ebenem omre\u017eju, tudi na podlagi nastavitev zasebnosti, ki jih izbere uporabnik (npr. informacije, ki jih vsebuje sporo\u010dilo\/objava za odgovor na zahteve za informacije ali podporo, slike oziroma informacije, pridobljene z objavljenega profila). Posebna obvestila o obdelavi podatkov, ki jo opravljajo dru\u017ebene platforme, so na voljo na teh platformah (npr. https:\/\/www.facebook.com\/privacy\/explanation).<\/p>\n<p>&nbsp;<\/p>\n<p><b>DRU\u017dBENA OMRE\u017dJA<\/b><\/p>\n<p>Ta spletna stran lahko uporablja t.i. vti\u010dnike dru\u017ebenih omre\u017eij. Gre za posebna orodja, ki omogo\u010dajo vklju\u010ditev delovanja dru\u017ebenega omre\u017eja neposredno na spletno stran (na primer funkcija &#8220;v\u0161e\u010d mi je&#8221; na Facebooku).<\/p>\n<p>Vsi vti\u010dniki dru\u017ebenih omre\u017eij na spletni strani so ozna\u010deni z ustreznim logotipom, ki pripada dru\u017ebeni platformi (npr. Facebook, Google, Twitter, Linkedin).<br \/>\nKo obi\u0161\u010dete spletno stran na na\u0161em portalu in izberete vti\u010dnik (npr. s klikom na gumb &#8220;v\u0161e\u010d mi je&#8221;) oziroma se odlo\u010dite, da boste pustili komentar, se ustrezne informacije prenesejo z brskalnika neposredno na platformo dru\u017ebenega omre\u017eja, ki jih tudi shrani. Za informacije o namenih, vrsti in na\u010dinih zbiranja, obdelave, uporabe in hrambe osebnih podatkov s strani dru\u017ebene platforme, kakor tudi o na\u010dinih uveljavljanja svojih pravic, vas prosimo, da si ogledate politiko varstva osebnih podatkov, ki jo sprejme posamezno dru\u017ebeno omre\u017eje.<\/p>\n<p><b>Facebook:<\/b>\u00a0Obvestilo:\u00a0<a href=\"https:\/\/www.facebook.com\/policies\/cookies\/\">https:\/\/www.facebook.com\/policies\/cookies\/<\/a><\/p>\n<p><b>Twitter:<\/b>\u00a0Obvestilo:\u00a0<a href=\"https:\/\/support.twitter.com\/articles\/20170514\">https:\/\/support.twitter.com\/articles\/20170514<\/a><\/p>\n<p><b>LinkedIn:<\/b>\u00a0Obvestilo:\u00a0<a href=\"https:\/\/www.linkedin.com\/legal\/cookie-policy\">https:\/\/www.linkedin.com\/legal\/cookie-policy<\/a><\/p>\n<p>&nbsp;<\/p>\n<p><b>PI\u0160KOTKI<\/b><\/p>\n<p>Glej obvestilo pi\u0161kotki.<\/p>\n<p>&nbsp;<\/p>\n<p><b>PRAVNA PODLAGA ZA OBDELAVO OSEBNIH PODATKOV<\/b><\/p>\n<p>Podjetje lahko obdeluje zgoraj navedene osebne podatke tudi brez posebne privolitve, razen ko se to zahteva za izpolnjevanje posebnih obrazcev, ker pravna podlaga zakonitosti obdelave podatkov temelji na izvajanju predpogodbenih ukrepov, sprejetih na zahtevo posameznika (npr. zahteva za informacije po e-po\u0161ti), kakor tudi zaradi zakonitih interesov podjetja za promocijo in uresni\u010devanje njegovih statutarnih ciljev.<\/p>\n<p>Poleg tega, kar je navedeno za podatke o brskanju, lahko uporabnik prostovoljno posreduje svoje osebne podatke, vendar brez podane privolitve za obdelavo uporabnik ne bo mogel dobiti, kar je zahteval, in podjetje ne bo moglo ugoditi njegovi zahtevi.<\/p>\n<p>&nbsp;<\/p>\n<p><b>NA\u010cINI OBDELAVE OSEBNIH PODATKOV<\/b><\/p>\n<p>Podatki se vpi\u0161ejo v elektronsko zbirko podatkov in\/oziroma shranijo v papirne arhive.<\/p>\n<p>Podatki niso predmet avtomatiziranega sprejemanja odlo\u010ditev, prav tako se ne izvaja nikakr\u0161no oblikovanje profilov uporabnikov.<\/p>\n<p>&nbsp;<\/p>\n<p><b>UPORABNIKI PODATKOV<\/b><\/p>\n<p>Z osebnimi podatki se lahko seznanijo sodelavci in zaposleni v podjetju kot poobla\u0161\u010dene in ustrezno usposobljene osebe za obdelavo podatkov.<\/p>\n<p>Podatki se lahko razkrijejo zunanjim subjektom (npr. dru\u017ebam, ki upravljajo spletne platforme, povezanim dru\u017ebam, zunanjim svetovalcem, podizvajalcem itd.) za zgoraj predvidene namene, \u010de obstaja potreba po njihovem sodelovanju. Navedeni subjekti delujejo kot samostojni upravljavci oziroma so imenovani za odgovorne za obdelavo podatkov.<\/p>\n<p>&nbsp;<\/p>\n<p><b>ROK HRAMBE PODATKOV<\/b><\/p>\n<p>Podjetje hrani podatke v obdobju, nujno potrebnem za izvedbo zgoraj opredeljenih namenov, pa tudi za izpolnjevanje morebitnih potreb po dostopu in priklicu podatkov. Podatki, obdelani za izpolnjevanje kakr\u0161nih koli pogodbenih obveznosti, se lahko hranijo ves \u010das trajanja pogodbe in za nadaljnjih deset let z namenom ugotavljanja morebitnih neporavnanih obveznosti ali izpolnjevanja pravnih obveznosti (na primer ra\u010dunovodska dokumentacija). Po preteku 24 mesecev od pridobitve podatkov (7 dni za podatke o brskanju), \u010de ni drugih potreb po stiku ali obveznosti po hrambi, se podatki, zbrani za druge namene, izbri\u0161ejo.<\/p>\n<p>&nbsp;<\/p>\n<p><b>PRAVICE POSAMEZNIKA\u00a0<\/b><\/p>\n<p>Med priznane pravice sodijo:<\/p>\n<ul>\n<li>zahtevati dostop do svojih osebnih podatkov in z njimi povezanih informacij; popravek neto\u010dnih podatkov ali dopolnitev nepopolnih podatkov; izbris osebnih podatkov (kadar velja eden od razlogov, navedenih v prvem odstavku 17. \u010dlena GDPR in ob upo\u0161tevanju izjem, ki jih dolo\u010da tretji odstavek tega \u010dlena); omejitev obdelave osebnih podatkov (kadar velja eden od primerov, navedenih v prvem odstavku 18. \u010dlena GDPR);<\/li>\n<li>zahtevati in prejeti \u2013 kadar je pravna podlaga za obdelavo podatkov pogodba ali privolitev in se obdelava izvaja z avtomatiziranimi sredstvi &#8211; osebne podatke v strukturirani in strojno berljivi obliki, in pravica, da se ti podatki razkrijejo drugemu upravljavcu (t.i. pravica do prenosljivosti podatkov);<\/li>\n<li>kadar koli ugovarjati obdelavi osebnih podatkov v primeru posebnih okoli\u0161\u010din v zvezi s tem;<\/li>\n<li>kadar koli preklicati privolitev, omejeno na primere, v katerih obdelava temelji na privolitvi v enega ali ve\u010d dolo\u010denih namenov in je povezana s splo\u0161nimi osebnimi podatki (na primer datum in kraj rojstva ali kraj bivanja) oziroma posebnimi vrstami osebnih podatkov (na primer podatkov v zvezi z zdravjem ali spolnim \u017eivljenjem). Obdelava podatkov, ki temelji na privolitvi in je izvedena pred preklicem obdelave, je \u0161e naprej zakonita.<\/li>\n<\/ul>\n<p>V zvezi z zgoraj navedenimi nameni lahko posameznik kadar koli poda zahtevo za prekinitev obdelave podatkov in za po\u0161iljanje sporo\u010dil dru\u017ebe po e-po\u0161ti; zahtevo predlo\u017ei zgoraj navedenim kontaktom.<\/p>\n<p>&nbsp;<\/p>\n<p><b>PRAVICA DO VLO\u017dITVE PRITO\u017dBE<\/b><\/p>\n<p>\u010ce posameznik meni, da je pri\u0161lo do kr\u0161itve pri obdelavi njegovih osebnih podatkov, lahko vlo\u017ei prito\u017ebo pri nadzornem organu v kraju, kjer obi\u010dajno prebiva, dela ali kjer je pri\u0161lo do domnevne kr\u0161itve. V Italiji lahko vlo\u017ei prito\u017ebo pri nadzornem organu za varstvo podatkov.<\/p>\n","protected":false},"excerpt":{"rendered":"<p>Privacy Policy POLITIKA VARSTVA OSEBNIH PODATKOV NA TEJ SPLETNI STRANI Obvestilo v skladu z Uredbo EU 2016\/679 (GDPR)\u00a0 &nbsp; Spo\u0161tovani uporabnik, na tej strani vas obve\u0161\u010damo o obdelavi osebnih podatkov, ki poteka ob uporabi spletnih strani, ki jih upravlja dru\u017eba AMIGOS CAFF\u00c8 S.N.C. di Mingardi Severino e Arianna &amp; C. To obvestilo je podano v skladu s 13. \u010dlenom Uredbe EU 2016\/679 (GDPR) vsem tistim, ki komunicirajo s spletnimi storitvami dru\u017ebe AMIGOS CAFF\u00c8 S.N.C.. To obvestilo zadeva samo to spletno stran, ne pa tudi drugih spletnih strani, ki jih je mogo\u010de obiskati preko njenih povezav. &nbsp; KDO SMO: UPRAVLJAVEC OBDELAVE&#8230;<\/p>\n","protected":false},"author":2,"featured_media":0,"parent":0,"menu_order":0,"comment_status":"closed","ping_status":"closed","template":"","meta":{"footnotes":""},"class_list":["post-3677","page","type-page","status-publish"],"yoast_head":"<!-- This site is optimized with the Yoast SEO plugin v25.3.1 - https:\/\/yoast.com\/wordpress\/plugins\/seo\/ -->\n<title>Privacy Policy - Amigos<\/title>\n<meta name=\"robots\" content=\"index, follow, max-snippet:-1, max-image-preview:large, max-video-preview:-1\" \/>\n<link rel=\"canonical\" href=\"https:\/\/www.amigoscaffe.com\/sl\/privacy-policy\/\" \/>\n<meta property=\"og:locale\" content=\"sl_SI\" \/>\n<meta property=\"og:type\" content=\"article\" \/>\n<meta property=\"og:title\" content=\"Privacy Policy - Amigos\" \/>\n<meta property=\"og:description\" content=\"Privacy Policy POLITIKA VARSTVA OSEBNIH PODATKOV NA TEJ SPLETNI STRANI Obvestilo v skladu z Uredbo EU 2016\/679 (GDPR)\u00a0 &nbsp; Spo\u0161tovani uporabnik, na tej strani vas obve\u0161\u010damo o obdelavi osebnih podatkov, ki poteka ob uporabi spletnih strani, ki jih upravlja dru\u017eba AMIGOS CAFF\u00c8 S.N.C. di Mingardi Severino e Arianna &amp; C. To obvestilo je podano v skladu s 13. \u010dlenom Uredbe EU 2016\/679 (GDPR) vsem tistim, ki komunicirajo s spletnimi storitvami dru\u017ebe AMIGOS CAFF\u00c8 S.N.C.. To obvestilo zadeva samo to spletno stran, ne pa tudi drugih spletnih strani, ki jih je mogo\u010de obiskati preko njenih povezav. &nbsp; KDO SMO: UPRAVLJAVEC OBDELAVE...\" \/>\n<meta property=\"og:url\" content=\"https:\/\/www.amigoscaffe.com\/sl\/privacy-policy\/\" \/>\n<meta property=\"og:site_name\" content=\"Amigos\" \/>\n<meta name=\"twitter:card\" content=\"summary_large_image\" \/>\n<meta name=\"twitter:label1\" content=\"Est. reading time\" \/>\n\t<meta name=\"twitter:data1\" content=\"8 minut\" \/>\n<script type=\"application\/ld+json\" class=\"yoast-schema-graph\">{\"@context\":\"https:\/\/schema.org\",\"@graph\":[{\"@type\":\"WebPage\",\"@id\":\"https:\/\/www.amigoscaffe.com\/sl\/privacy-policy\/\",\"url\":\"https:\/\/www.amigoscaffe.com\/sl\/privacy-policy\/\",\"name\":\"Privacy Policy - Amigos\",\"isPartOf\":{\"@id\":\"https:\/\/www.amigoscaffe.com\/sl\/#website\"},\"datePublished\":\"2021-09-13T18:26:53+00:00\",\"breadcrumb\":{\"@id\":\"https:\/\/www.amigoscaffe.com\/sl\/privacy-policy\/#breadcrumb\"},\"inLanguage\":\"sl-SI\",\"potentialAction\":[{\"@type\":\"ReadAction\",\"target\":[\"https:\/\/www.amigoscaffe.com\/sl\/privacy-policy\/\"]}]},{\"@type\":\"BreadcrumbList\",\"@id\":\"https:\/\/www.amigoscaffe.com\/sl\/privacy-policy\/#breadcrumb\",\"itemListElement\":[{\"@type\":\"ListItem\",\"position\":1,\"name\":\"Home\",\"item\":\"https:\/\/www.amigoscaffe.com\/sl\/\"},{\"@type\":\"ListItem\",\"position\":2,\"name\":\"Privacy Policy\"}]},{\"@type\":\"WebSite\",\"@id\":\"https:\/\/www.amigoscaffe.com\/sl\/#website\",\"url\":\"https:\/\/www.amigoscaffe.com\/sl\/\",\"name\":\"Amigos\",\"description\":\"La famiglia del caff\u00e8\",\"potentialAction\":[{\"@type\":\"SearchAction\",\"target\":{\"@type\":\"EntryPoint\",\"urlTemplate\":\"https:\/\/www.amigoscaffe.com\/sl\/?s={search_term_string}\"},\"query-input\":{\"@type\":\"PropertyValueSpecification\",\"valueRequired\":true,\"valueName\":\"search_term_string\"}}],\"inLanguage\":\"sl-SI\"}]}<\/script>\n<!-- \/ Yoast SEO plugin. -->","yoast_head_json":{"title":"Privacy Policy - Amigos","robots":{"index":"index","follow":"follow","max-snippet":"max-snippet:-1","max-image-preview":"max-image-preview:large","max-video-preview":"max-video-preview:-1"},"canonical":"https:\/\/www.amigoscaffe.com\/sl\/privacy-policy\/","og_locale":"sl_SI","og_type":"article","og_title":"Privacy Policy - Amigos","og_description":"Privacy Policy POLITIKA VARSTVA OSEBNIH PODATKOV NA TEJ SPLETNI STRANI Obvestilo v skladu z Uredbo EU 2016\/679 (GDPR)\u00a0 &nbsp; Spo\u0161tovani uporabnik, na tej strani vas obve\u0161\u010damo o obdelavi osebnih podatkov, ki poteka ob uporabi spletnih strani, ki jih upravlja dru\u017eba AMIGOS CAFF\u00c8 S.N.C. di Mingardi Severino e Arianna &amp; C. To obvestilo je podano v skladu s 13. \u010dlenom Uredbe EU 2016\/679 (GDPR) vsem tistim, ki komunicirajo s spletnimi storitvami dru\u017ebe AMIGOS CAFF\u00c8 S.N.C.. To obvestilo zadeva samo to spletno stran, ne pa tudi drugih spletnih strani, ki jih je mogo\u010de obiskati preko njenih povezav. &nbsp; KDO SMO: UPRAVLJAVEC OBDELAVE...","og_url":"https:\/\/www.amigoscaffe.com\/sl\/privacy-policy\/","og_site_name":"Amigos","twitter_card":"summary_large_image","twitter_misc":{"Est. reading time":"8 minut"},"schema":{"@context":"https:\/\/schema.org","@graph":[{"@type":"WebPage","@id":"https:\/\/www.amigoscaffe.com\/sl\/privacy-policy\/","url":"https:\/\/www.amigoscaffe.com\/sl\/privacy-policy\/","name":"Privacy Policy - Amigos","isPartOf":{"@id":"https:\/\/www.amigoscaffe.com\/sl\/#website"},"datePublished":"2021-09-13T18:26:53+00:00","breadcrumb":{"@id":"https:\/\/www.amigoscaffe.com\/sl\/privacy-policy\/#breadcrumb"},"inLanguage":"sl-SI","potentialAction":[{"@type":"ReadAction","target":["https:\/\/www.amigoscaffe.com\/sl\/privacy-policy\/"]}]},{"@type":"BreadcrumbList","@id":"https:\/\/www.amigoscaffe.com\/sl\/privacy-policy\/#breadcrumb","itemListElement":[{"@type":"ListItem","position":1,"name":"Home","item":"https:\/\/www.amigoscaffe.com\/sl\/"},{"@type":"ListItem","position":2,"name":"Privacy Policy"}]},{"@type":"WebSite","@id":"https:\/\/www.amigoscaffe.com\/sl\/#website","url":"https:\/\/www.amigoscaffe.com\/sl\/","name":"Amigos","description":"La famiglia del caff\u00e8","potentialAction":[{"@type":"SearchAction","target":{"@type":"EntryPoint","urlTemplate":"https:\/\/www.amigoscaffe.com\/sl\/?s={search_term_string}"},"query-input":{"@type":"PropertyValueSpecification","valueRequired":true,"valueName":"search_term_string"}}],"inLanguage":"sl-SI"}]}},"_links":{"self":[{"href":"https:\/\/www.amigoscaffe.com\/sl\/wp-json\/wp\/v2\/pages\/3677","targetHints":{"allow":["GET"]}}],"collection":[{"href":"https:\/\/www.amigoscaffe.com\/sl\/wp-json\/wp\/v2\/pages"}],"about":[{"href":"https:\/\/www.amigoscaffe.com\/sl\/wp-json\/wp\/v2\/types\/page"}],"author":[{"embeddable":true,"href":"https:\/\/www.amigoscaffe.com\/sl\/wp-json\/wp\/v2\/users\/2"}],"replies":[{"embeddable":true,"href":"https:\/\/www.amigoscaffe.com\/sl\/wp-json\/wp\/v2\/comments?post=3677"}],"version-history":[{"count":1,"href":"https:\/\/www.amigoscaffe.com\/sl\/wp-json\/wp\/v2\/pages\/3677\/revisions"}],"predecessor-version":[{"id":3678,"href":"https:\/\/www.amigoscaffe.com\/sl\/wp-json\/wp\/v2\/pages\/3677\/revisions\/3678"}],"wp:attachment":[{"href":"https:\/\/www.amigoscaffe.com\/sl\/wp-json\/wp\/v2\/media?parent=3677"}],"curies":[{"name":"wp","href":"https:\/\/api.w.org\/{rel}","templated":true}]}}